{"id":1895,"date":"2023-11-29T11:28:17","date_gmt":"2023-11-29T09:28:17","guid":{"rendered":"https:\/\/www.puurdata.nl\/?page_id=1895"},"modified":"2025-10-09T14:44:24","modified_gmt":"2025-10-09T12:44:24","slug":"ubermasig-reine-daten","status":"publish","type":"page","link":"https:\/\/puurdata.nl\/de\/over-puur-data\/","title":{"rendered":"\u00dcber PuurData"},"content":{"rendered":"<div id=\"fws_69dea7dd9e5cd\"  data-column-margin=\"default\" data-midnight=\"dark\"  class=\"wpb_row vc_row-fluid vc_row full-width-section\"  style=\"padding-top: 0px; padding-bottom: 0px; \"><div class=\"row-bg-wrap\" data-bg-animation=\"none\" data-bg-animation-delay=\"\" data-bg-overlay=\"false\"><div class=\"inner-wrap row-bg-layer using-image\" ><div class=\"row-bg viewport-desktop using-image\"  style=\"background-image: url(https:\/\/puurdata.nl\/wp-content\/uploads\/2019\/07\/header.png); background-position: center bottom; background-repeat: no-repeat; \"><\/div><\/div><\/div><div class=\"row_col_wrap_12 col span_12 dark left\">\n\t<div  class=\"vc_col-sm-12 wpb_column column_container vc_column_container col no-extra-padding inherit_tablet inherit_phone\"  data-padding-pos=\"all\" data-has-bg-color=\"false\" data-bg-color=\"\" data-bg-opacity=\"1\" data-animation=\"\" data-delay=\"0\" >\n\t\t<div class=\"vc_column-inner\" >\n\t\t\t<div class=\"wpb_wrapper\">\n\t\t\t\t<div id=\"fws_69dea7dd9f455\" data-midnight=\"\" data-column-margin=\"default\" class=\"wpb_row vc_row-fluid vc_row inner_row vc_row-o-equal-height vc_row-flex vc_row-o-content-middle\"  style=\"padding-top: 10%; padding-bottom: 20%; \"><div class=\"row-bg-wrap\"> <div class=\"row-bg\" ><\/div> <\/div><div class=\"row_col_wrap_12_inner col span_12  left\">\n\t<div  class=\"vc_col-sm-8 wpb_column column_container vc_column_container col child_column padding-2-percent inherit_tablet inherit_phone\"   data-padding-pos=\"right\" data-has-bg-color=\"false\" data-bg-color=\"\" data-bg-opacity=\"1\" data-animation=\"\" data-delay=\"0\" >\n\t\t<div class=\"vc_column-inner\" >\n\t\t<div class=\"wpb_wrapper\">\n\t\t\t<h1 style=\"text-align: left\" class=\"vc_custom_heading vc_do_custom_heading headerText\" >\u00dcber PuurData<\/h1>\n<div class=\"wpb_text_column wpb_content_element  headerText\" >\n\t<div class=\"wpb_wrapper\">\n\t\t<h4>Mehr Wert aus Ihren Daten, ohne Komplexit\u00e4t.<\/h4>\n\t<\/div>\n<\/div>\n\n\n\n\n\t\t<\/div> \n\t<\/div>\n\t<\/div> \n\n\t<div  class=\"vc_col-sm-4 wpb_column column_container vc_column_container col child_column padding-2-percent inherit_tablet inherit_phone\"   data-padding-pos=\"left\" data-has-bg-color=\"false\" data-bg-color=\"\" data-bg-opacity=\"1\" data-animation=\"\" data-delay=\"0\" >\n\t\t<div class=\"vc_column-inner\" >\n\t\t<div class=\"wpb_wrapper\">\n\t\t\t\n\t\t<\/div> \n\t<\/div>\n\t<\/div> \n<\/div><\/div>\n\t\t\t<\/div> \n\t\t<\/div>\n\t<\/div> \n<\/div><\/div>\n\t\t<div id=\"fws_69dea7dda0f7b\"  data-column-margin=\"default\" data-midnight=\"dark\"  class=\"wpb_row vc_row-fluid vc_row\"  style=\"padding-top: 100px; padding-bottom: 100px; \"><div class=\"row-bg-wrap\" data-bg-animation=\"none\" data-bg-animation-delay=\"\" data-bg-overlay=\"false\"><div class=\"inner-wrap row-bg-layer\" ><div class=\"row-bg viewport-desktop\"  style=\"\"><\/div><\/div><\/div><div class=\"row_col_wrap_12 col span_12 dark left\">\n\t<div  class=\"vc_col-sm-8 wpb_column column_container vc_column_container col no-extra-padding inherit_tablet inherit_phone\"  data-padding-pos=\"all\" data-has-bg-color=\"false\" data-bg-color=\"\" data-bg-opacity=\"1\" data-animation=\"\" data-delay=\"0\" >\n\t\t<div class=\"vc_column-inner\" >\n\t\t\t<div class=\"wpb_wrapper\">\n\t\t\t\t\n<div class=\"wpb_text_column wpb_content_element\" >\n\t<div class=\"wpb_wrapper\">\n\t\t<h3>Experten f\u00fcr Smart-Data-L\u00f6sungen<\/h3>\n<p>PuurData ist auf datengetriebene Technologie spezialisiert. Seit 2013 unterst\u00fctzen wir Unternehmen dabei, ihre Daten besser zu nutzen \u2013 von leistungsstarker Suchtechnologie und KI-L\u00f6sungen bis hin zu Echtzeit-Einblicken und Datensicherheit. Wir entwickeln intelligente, skalierbare L\u00f6sungen, die sich in bestehende Infrastrukturen integrieren und direkt zu besseren Entscheidungen und effizienteren Prozessen beitragen.<\/p>\n<h3>Einfachheit, Handwerkskunst und Zusammenarbeit<\/h3>\n<p>Bei PuurData glauben wir an die Kraft von Einfachheit, Handwerkskunst und Zusammenarbeit. Wir kombinieren fundiertes Fachwissen mit einem pragmatischen Ansatz, um komplexe Datenherausforderungen verst\u00e4ndlich und anwendbar zu machen. Unser Fokus liegt auf intelligenten, umsetzbaren L\u00f6sungen, die sofortige Ergebnisse liefern. Wir legen Wert auf Vertrauen und Transparenz \u2013 und wir sind erst zufrieden, wenn Sie es sind. <a href=\"https:\/\/puurdata.nl\/de\/unsere-vision\/\">Mehr \u00fcber unsere Vision.<\/a><\/p>\n<h3>Unsere Organisation<\/h3>\n<p>Unsere Mitarbeiter sind engagiert, pragmatisch und ergebnisorientiert. Manchmal etwas eigensinnig, aber stets bestrebt, Ihre Erwartungen zu \u00fcbertreffen. Dank unserer flachen Hierarchien sind wir agil und schnell. Gemeinsam mit Ihnen finden wir die passende L\u00f6sung f\u00fcr Ihre Situation und Ihr Budget \u2013 und setzen diese effizient um. Auch f\u00fcr Outsourcing sind wir Ihr Ansprechpartner: Wir betreuen Ihre Datenplattform dauerhaft, ohne dass Sie selbst das n\u00f6tige Know-how aufbauen m\u00fcssen.<\/p>\n<h3>Unsere Fachgebiete<\/h3>\n<p>Wir sind <a href=\"https:\/\/puurdata.nl\/de\/elite-elastikpartner\/\">Elite-Partner von Elastic<\/a> und offizieller Partner von u. a. AWS, ClickHouse und Tines. Dadurch kombinieren wir bew\u00e4hrte Technologie mit fundiertem Wissen in den Bereichen KI, Suche, Observability, Sicherheit, Automatisierung und Data Engineering. Unsere Berater und Entwickler arbeiten t\u00e4glich an zuverl\u00e4ssigen und wirkungsvollen L\u00f6sungen. <a href=\"https:\/\/puurdata.nl\/de\/unsere-expertise\/\">Erfahren Sie mehr \u00fcber unsere Expertise.<\/a><\/p>\n<h3><img loading=\"lazy\" decoding=\"async\" class=\"alignnone wp-image-3086 size-thumbnail\" src=\"https:\/\/puurdata.nl\/wp-content\/uploads\/2025\/06\/GenAI-Eng-150x150.png\" alt=\"\" width=\"150\" height=\"150\" srcset=\"https:\/\/puurdata.nl\/wp-content\/uploads\/2025\/06\/GenAI-Eng-150x150.png 150w, https:\/\/puurdata.nl\/wp-content\/uploads\/2025\/06\/GenAI-Eng-300x300.png 300w, https:\/\/puurdata.nl\/wp-content\/uploads\/2025\/06\/GenAI-Eng-12x12.png 12w, https:\/\/puurdata.nl\/wp-content\/uploads\/2025\/06\/GenAI-Eng-100x100.png 100w, https:\/\/puurdata.nl\/wp-content\/uploads\/2025\/06\/GenAI-Eng-140x140.png 140w, https:\/\/puurdata.nl\/wp-content\/uploads\/2025\/06\/GenAI-Eng-500x500.png 500w, https:\/\/puurdata.nl\/wp-content\/uploads\/2025\/06\/GenAI-Eng-350x350.png 350w, https:\/\/puurdata.nl\/wp-content\/uploads\/2025\/06\/GenAI-Eng.png 720w\" sizes=\"auto, (max-width: 150px) 100vw, 150px\" \/><\/h3>\n<h3>F\u00fcr wen wir arbeiten<\/h3>\n<p>Unsere Kunden sind in unterschiedlichsten Branchen t\u00e4tig \u2013 von der \u00f6ffentlichen Verwaltung \u00fcber das Gesundheitswesen bis hin zu Industrie, Finanzen und Technologie. Was sie alle gemeinsam haben: Sie m\u00fcssen wachsende Datenstr\u00f6me managen, Systeme besser vernetzen und schneller Erkenntnisse gewinnen. Gemeinsam entwickeln wir Datenplattformen, die funktionieren. Intelligenter. Sicherer. Zug\u00e4nglicher.<\/p>\n<h3>Unsere Partner<\/h3>\n<p>Wir arbeiten ausschlie\u00dflich mit bew\u00e4hrter Technologie. Unsere Partnerschaften bilden die Grundlage unserer Smart-Data-L\u00f6sungen: skalierbar, sicher und schnell einsetzbar. <a href=\"https:\/\/puurdata.nl\/de\/unsere-partner\/\">Sehen Sie sich unsere Partner an.<\/a><\/p>\n<h3>Mehr wissen?<\/h3>\n<p><strong>Neugierig, was wir f\u00fcr Ihr Unternehmen tun k\u00f6nnen?<\/strong><br \/>\nF\u00fchlen Sie sich frei, <a href=\"https:\/\/puurdata.nl\/de\/kontakt\/\">Kontakt<\/a> Kontaktieren Sie uns, wir denken gerne mit Ihnen mit.<\/p>\n\t<\/div>\n<\/div>\n\n\n\n\n\t\t\t<\/div> \n\t\t<\/div>\n\t<\/div> \n\n\t<div  class=\"vc_col-sm-4 wpb_column column_container vc_column_container col no-extra-padding inherit_tablet inherit_phone\"  data-padding-pos=\"all\" data-has-bg-color=\"false\" data-bg-color=\"\" data-bg-opacity=\"1\" data-animation=\"\" data-delay=\"0\" >\n\t\t<div class=\"vc_column-inner\" >\n\t\t\t<div class=\"wpb_wrapper\">\n\t\t\t\t<h4 style=\"color: #e9812e;text-align: left;font-family:Abril Fatface;font-weight:400;font-style:normal\" class=\"vc_custom_heading vc_do_custom_heading\" >Neuesten Nachrichten<\/h4>\n    <div class=\"row blog-recent columns-1\" data-style=\"classic_enhanced\" data-color-scheme=\"light\" data-remove-post-date=\"1\" data-remove-post-author=\"1\" data-remove-post-comment-number=\"1\" data-remove-post-nectar-love=\"1\">\n\n      \n      <div class=\"col span_12 post-3941 post type-post status-publish format-standard has-post-thumbnail category-headlines tag-ai tag-monitoring tag-observability tag-search-ai tag-soc\" >\n\n        \n            <div class=\"inner-wrap post-3941 post type-post status-publish format-standard has-post-thumbnail category-headlines tag-ai tag-monitoring tag-observability tag-search-ai tag-soc\">\n\n            <a href=\"https:\/\/puurdata.nl\/de\/samen-verder-bouwen-aan-slimme-en-betrouwbare-data-oplossingen\/\"  class=\"img-link\"><span class=\"post-featured-img\"><img loading=\"lazy\" decoding=\"async\" width=\"600\" height=\"403\" src=\"https:\/\/puurdata.nl\/wp-content\/uploads\/2025\/12\/shutterstock_788626381-600x403.jpg\" class=\"attachment-portfolio-thumb size-portfolio-thumb wp-post-image\" alt=\"\" title=\"\" sizes=\"auto, (min-width: 1000px) 100vw, (min-width: 690px) 100vw, 100vw\" srcset=\"https:\/\/puurdata.nl\/wp-content\/uploads\/2025\/12\/shutterstock_788626381-600x403.jpg 600w, https:\/\/puurdata.nl\/wp-content\/uploads\/2025\/12\/shutterstock_788626381-18x12.jpg 18w, https:\/\/puurdata.nl\/wp-content\/uploads\/2025\/12\/shutterstock_788626381-900x604.jpg 900w, https:\/\/puurdata.nl\/wp-content\/uploads\/2025\/12\/shutterstock_788626381-400x269.jpg 400w\" \/><\/span><\/a><span class=\"meta-category\"><a class=\"headlines\" href=\"https:\/\/puurdata.nl\/de\/category\/headlines\/\">Schlagzeilen<\/a><\/span><a class=\"entire-meta-link\" href=\"https:\/\/puurdata.nl\/de\/samen-verder-bouwen-aan-slimme-en-betrouwbare-data-oplossingen\/\" ><span class=\"screen-reader-text\">Gemeinsam intelligente und zuverl\u00e4ssige Datenl\u00f6sungen entwickeln<\/span><\/a>\n            <div class=\"article-content-wrap\">\n              <div class=\"post-header\">\n                <span class=\"meta\"> 09\/12\/2025 <\/span>\n                <h3 class=\"title\">Gemeinsam intelligente und zuverl\u00e4ssige Datenl\u00f6sungen entwickeln<\/h3>\n              <\/div><!--\/post-header-->\n              <div class=\"excerpt\">\n                Das Jahr 2025 brachte neue Fortschritte in den Bereichen KI-gest\u00fctzte Suche, Sicherheit, Beobachtbarkeit und Datenintegration. In diesem Artikel blicken wir auf die wichtigsten Entwicklungen zur\u00fcck und werfen einen Ausblick auf das Jahr 2026.              <\/div>\n            <\/div>\n\n            <div class=\"post-meta\">\n              <span class=\"meta-author\"> <a href=\"https:\/\/puurdata.nl\/de\/author\/astegpuurdata-nl\/\"> <i class=\"icon-default-style icon-salient-m-user\"><\/i> Alex Steg<\/a> <\/span>\n\n              \n              <div class=\"nectar-love-wrap\">\n                <a href=\"#\" class=\"nectar-love\" id=\"nectar-love-3941\" title=\"liebe das\"> <i class=\"icon-salient-heart-2\"><\/i><span class=\"love-text\">Liebe<\/span><span class=\"total_loves\"><span class=\"nectar-love-count\">9<\/span><\/span><\/a>              <\/div><!--\/nectar-love-wrap-->\n            <\/div>\n\n          <\/div>\n\n        \n      <\/div><!--\/col-->\n\n      \n      <div class=\"col span_12 post-3865 post type-post status-publish format-standard has-post-thumbnail category-headlines tag-ai tag-chat tag-clickhouse tag-librechat\" >\n\n        \n            <div class=\"inner-wrap post-3865 post type-post status-publish format-standard has-post-thumbnail category-headlines tag-ai tag-chat tag-clickhouse tag-librechat\">\n\n            <a href=\"https:\/\/puurdata.nl\/de\/clickhouse-versterkt-ai-strategie-met-overname-van-librechat\/\"  class=\"img-link\"><span class=\"post-featured-img\"><img loading=\"lazy\" decoding=\"async\" width=\"600\" height=\"403\" src=\"https:\/\/puurdata.nl\/wp-content\/uploads\/2025\/11\/librechat-600x403.jpg\" class=\"attachment-portfolio-thumb size-portfolio-thumb wp-post-image\" alt=\"\" title=\"\" sizes=\"auto, (min-width: 1000px) 100vw, (min-width: 690px) 100vw, 100vw\" srcset=\"https:\/\/puurdata.nl\/wp-content\/uploads\/2025\/11\/librechat-600x403.jpg 600w, https:\/\/puurdata.nl\/wp-content\/uploads\/2025\/11\/librechat-900x604.jpg 900w, https:\/\/puurdata.nl\/wp-content\/uploads\/2025\/11\/librechat-400x269.jpg 400w\" \/><\/span><\/a><span class=\"meta-category\"><a class=\"headlines\" href=\"https:\/\/puurdata.nl\/de\/category\/headlines\/\">Schlagzeilen<\/a><\/span><a class=\"entire-meta-link\" href=\"https:\/\/puurdata.nl\/de\/clickhouse-versterkt-ai-strategie-met-overname-van-librechat\/\" ><span class=\"screen-reader-text\">ClickHouse st\u00e4rkt KI-Strategie durch \u00dcbernahme von LibreChat<\/span><\/a>\n            <div class=\"article-content-wrap\">\n              <div class=\"post-header\">\n                <span class=\"meta\"> 06\/11\/2025 <\/span>\n                <h3 class=\"title\">ClickHouse st\u00e4rkt KI-Strategie durch \u00dcbernahme von LibreChat<\/h3>\n              <\/div><!--\/post-header-->\n              <div class=\"excerpt\">\n                ClickHouse hat LibreChat \u00fcbernommen, ein Open-Source-Chat-Framework, das es Benutzern erm\u00f6glicht, ihre Datenfragen in einfacher Sprache zu stellen.              <\/div>\n            <\/div>\n\n            <div class=\"post-meta\">\n              <span class=\"meta-author\"> <a href=\"https:\/\/puurdata.nl\/de\/author\/astegpuurdata-nl\/\"> <i class=\"icon-default-style icon-salient-m-user\"><\/i> Alex Steg<\/a> <\/span>\n\n              \n              <div class=\"nectar-love-wrap\">\n                <a href=\"#\" class=\"nectar-love\" id=\"nectar-love-3865\" title=\"liebe das\"> <i class=\"icon-salient-heart-2\"><\/i><span class=\"love-text\">Liebe<\/span><span class=\"total_loves\"><span class=\"nectar-love-count\">9<\/span><\/span><\/a>              <\/div><!--\/nectar-love-wrap-->\n            <\/div>\n\n          <\/div>\n\n        \n      <\/div><!--\/col-->\n\n      \n    <\/div><!--\/blog-recent-->\n\n  \n\t\t\t<\/div> \n\t\t<\/div>\n\t<\/div> \n<\/div><\/div>","protected":false},"excerpt":{"rendered":"ClickHouse st\u00e4rkt KI-Strategie mit LibreChat-\u00dcbernahme. Ein weiterer Schritt in der Konvergenz von Datenanalyse und KI: ClickHouse hat LibreChat \u00fcbernommen, ein Open-Source-Chat-Framework, das es Nutzern erm\u00f6glicht, Fragen in nat\u00fcrlicher Sprache zu stellen...","protected":false},"author":5,"featured_media":0,"parent":0,"menu_order":0,"comment_status":"closed","ping_status":"closed","template":"","meta":{"content-type":"","footnotes":""},"class_list":["post-1895","page","type-page","status-publish"],"yoast_head":"<!-- This site is optimized with the Yoast SEO plugin v27.3 - https:\/\/yoast.com\/product\/yoast-seo-wordpress\/ -->\n<title>Over PuurData - PuurData<\/title>\n<meta name=\"description\" content=\"PuurData: sinds 2013 experts in datagedreven innovatie. Ontdek trends en patronen met Elastic voor betere beslissingen en controle.\" \/>\n<meta name=\"robots\" content=\"index, follow, max-snippet:-1, max-image-preview:large, max-video-preview:-1\" \/>\n<link rel=\"canonical\" href=\"https:\/\/puurdata.nl\/de\/ubermasig-reine-daten\/\" \/>\n<meta name=\"twitter:label1\" content=\"Gesch\u00e4tzte Lesezeit\" \/>\n\t<meta name=\"twitter:data1\" content=\"3\u00a0Minuten\" \/>\n<script type=\"application\/ld+json\" class=\"yoast-schema-graph\">{\"@context\":\"https:\\\/\\\/schema.org\",\"@graph\":[{\"@type\":\"WebPage\",\"@id\":\"https:\\\/\\\/puurdata.nl\\\/over-puur-data\\\/\",\"url\":\"https:\\\/\\\/puurdata.nl\\\/over-puur-data\\\/\",\"name\":\"Over PuurData - PuurData\",\"isPartOf\":{\"@id\":\"https:\\\/\\\/puurdata.nl\\\/#website\"},\"primaryImageOfPage\":{\"@id\":\"https:\\\/\\\/puurdata.nl\\\/over-puur-data\\\/#primaryimage\"},\"image\":{\"@id\":\"https:\\\/\\\/puurdata.nl\\\/over-puur-data\\\/#primaryimage\"},\"thumbnailUrl\":\"https:\\\/\\\/puurdata.nl\\\/wp-content\\\/uploads\\\/2025\\\/06\\\/GenAI-Eng-150x150.png\",\"datePublished\":\"2023-11-29T09:28:17+00:00\",\"dateModified\":\"2025-10-09T12:44:24+00:00\",\"description\":\"PuurData: sinds 2013 experts in datagedreven innovatie. Ontdek trends en patronen met Elastic voor betere beslissingen en controle.\",\"breadcrumb\":{\"@id\":\"https:\\\/\\\/puurdata.nl\\\/over-puur-data\\\/#breadcrumb\"},\"inLanguage\":\"de\",\"potentialAction\":[{\"@type\":\"ReadAction\",\"target\":[\"https:\\\/\\\/puurdata.nl\\\/over-puur-data\\\/\"]}]},{\"@type\":\"ImageObject\",\"inLanguage\":\"de\",\"@id\":\"https:\\\/\\\/puurdata.nl\\\/over-puur-data\\\/#primaryimage\",\"url\":\"https:\\\/\\\/puurdata.nl\\\/wp-content\\\/uploads\\\/2025\\\/06\\\/GenAI-Eng-150x150.png\",\"contentUrl\":\"https:\\\/\\\/puurdata.nl\\\/wp-content\\\/uploads\\\/2025\\\/06\\\/GenAI-Eng-150x150.png\"},{\"@type\":\"BreadcrumbList\",\"@id\":\"https:\\\/\\\/puurdata.nl\\\/over-puur-data\\\/#breadcrumb\",\"itemListElement\":[{\"@type\":\"ListItem\",\"position\":1,\"name\":\"Home\",\"item\":\"https:\\\/\\\/puurdata.nl\\\/\"},{\"@type\":\"ListItem\",\"position\":2,\"name\":\"Over PuurData\"}]},{\"@type\":\"WebSite\",\"@id\":\"https:\\\/\\\/puurdata.nl\\\/#website\",\"url\":\"https:\\\/\\\/puurdata.nl\\\/\",\"name\":\"PuurData\",\"description\":\"PuurData\",\"potentialAction\":[{\"@type\":\"SearchAction\",\"target\":{\"@type\":\"EntryPoint\",\"urlTemplate\":\"https:\\\/\\\/puurdata.nl\\\/?s={search_term_string}\"},\"query-input\":{\"@type\":\"PropertyValueSpecification\",\"valueRequired\":true,\"valueName\":\"search_term_string\"}}],\"inLanguage\":\"de\"}]}<\/script>\n<!-- \/ Yoast SEO plugin. -->","yoast_head_json":{"title":"\u00dcber PuurData - PuurData","description":"PuurData: Experten f\u00fcr datengetriebene Innovation seit 2013. Entdecken Sie Trends und Muster mit Elastic f\u00fcr bessere Entscheidungen und mehr Kontrolle.","robots":{"index":"index","follow":"follow","max-snippet":"max-snippet:-1","max-image-preview":"max-image-preview:large","max-video-preview":"max-video-preview:-1"},"canonical":"https:\/\/puurdata.nl\/de\/ubermasig-reine-daten\/","twitter_misc":{"Gesch\u00e4tzte Lesezeit":"3\u00a0Minuten"},"schema":{"@context":"https:\/\/schema.org","@graph":[{"@type":"WebPage","@id":"https:\/\/puurdata.nl\/over-puur-data\/","url":"https:\/\/puurdata.nl\/over-puur-data\/","name":"\u00dcber PuurData - PuurData","isPartOf":{"@id":"https:\/\/puurdata.nl\/#website"},"primaryImageOfPage":{"@id":"https:\/\/puurdata.nl\/over-puur-data\/#primaryimage"},"image":{"@id":"https:\/\/puurdata.nl\/over-puur-data\/#primaryimage"},"thumbnailUrl":"https:\/\/puurdata.nl\/wp-content\/uploads\/2025\/06\/GenAI-Eng-150x150.png","datePublished":"2023-11-29T09:28:17+00:00","dateModified":"2025-10-09T12:44:24+00:00","description":"PuurData: Experten f\u00fcr datengetriebene Innovation seit 2013. Entdecken Sie Trends und Muster mit Elastic f\u00fcr bessere Entscheidungen und mehr Kontrolle.","breadcrumb":{"@id":"https:\/\/puurdata.nl\/over-puur-data\/#breadcrumb"},"inLanguage":"de","potentialAction":[{"@type":"ReadAction","target":["https:\/\/puurdata.nl\/over-puur-data\/"]}]},{"@type":"ImageObject","inLanguage":"de","@id":"https:\/\/puurdata.nl\/over-puur-data\/#primaryimage","url":"https:\/\/puurdata.nl\/wp-content\/uploads\/2025\/06\/GenAI-Eng-150x150.png","contentUrl":"https:\/\/puurdata.nl\/wp-content\/uploads\/2025\/06\/GenAI-Eng-150x150.png"},{"@type":"BreadcrumbList","@id":"https:\/\/puurdata.nl\/over-puur-data\/#breadcrumb","itemListElement":[{"@type":"ListItem","position":1,"name":"Home","item":"https:\/\/puurdata.nl\/"},{"@type":"ListItem","position":2,"name":"Over PuurData"}]},{"@type":"WebSite","@id":"https:\/\/puurdata.nl\/#website","url":"https:\/\/puurdata.nl\/","name":"PuurData","description":"PuurData","potentialAction":[{"@type":"SearchAction","target":{"@type":"EntryPoint","urlTemplate":"https:\/\/puurdata.nl\/?s={search_term_string}"},"query-input":{"@type":"PropertyValueSpecification","valueRequired":true,"valueName":"search_term_string"}}],"inLanguage":"de"}]}},"_links":{"self":[{"href":"https:\/\/puurdata.nl\/de\/wp-json\/wp\/v2\/pages\/1895","targetHints":{"allow":["GET"]}}],"collection":[{"href":"https:\/\/puurdata.nl\/de\/wp-json\/wp\/v2\/pages"}],"about":[{"href":"https:\/\/puurdata.nl\/de\/wp-json\/wp\/v2\/types\/page"}],"author":[{"embeddable":true,"href":"https:\/\/puurdata.nl\/de\/wp-json\/wp\/v2\/users\/5"}],"replies":[{"embeddable":true,"href":"https:\/\/puurdata.nl\/de\/wp-json\/wp\/v2\/comments?post=1895"}],"version-history":[{"count":26,"href":"https:\/\/puurdata.nl\/de\/wp-json\/wp\/v2\/pages\/1895\/revisions"}],"predecessor-version":[{"id":3654,"href":"https:\/\/puurdata.nl\/de\/wp-json\/wp\/v2\/pages\/1895\/revisions\/3654"}],"wp:attachment":[{"href":"https:\/\/puurdata.nl\/de\/wp-json\/wp\/v2\/media?parent=1895"}],"curies":[{"name":"wp","href":"https:\/\/api.w.org\/{rel}","templated":true}]}}