{"id":1918,"date":"2023-11-29T14:18:24","date_gmt":"2023-11-29T12:18:24","guid":{"rendered":"https:\/\/www.puurdata.nl\/?page_id=1918"},"modified":"2025-07-15T14:44:59","modified_gmt":"2025-07-15T12:44:59","slug":"reine-daten-und-elastizitat","status":"publish","type":"page","link":"https:\/\/puurdata.nl\/de\/elastic-expertise\/puur-data-en-elastic\/","title":{"rendered":"PuurData: Elastic-Experte"},"content":{"rendered":"<div id=\"fws_69e0ccdbcd5a7\"  data-column-margin=\"default\" data-midnight=\"dark\"  class=\"wpb_row vc_row-fluid vc_row full-width-section\"  style=\"padding-top: 0px; padding-bottom: 0px; \"><div class=\"row-bg-wrap\" data-bg-animation=\"none\" data-bg-animation-delay=\"\" data-bg-overlay=\"false\"><div class=\"inner-wrap row-bg-layer using-image\" ><div class=\"row-bg viewport-desktop using-image\"  style=\"background-image: url(https:\/\/puurdata.nl\/wp-content\/uploads\/2019\/07\/header.png); background-position: center bottom; background-repeat: no-repeat; \"><\/div><\/div><\/div><div class=\"row_col_wrap_12 col span_12 dark left\">\n\t<div  class=\"vc_col-sm-12 wpb_column column_container vc_column_container col no-extra-padding inherit_tablet inherit_phone\"  data-padding-pos=\"all\" data-has-bg-color=\"false\" data-bg-color=\"\" data-bg-opacity=\"1\" data-animation=\"\" data-delay=\"0\" >\n\t\t<div class=\"vc_column-inner\" >\n\t\t\t<div class=\"wpb_wrapper\">\n\t\t\t\t<div id=\"fws_69e0ccdbce25c\" data-midnight=\"\" data-column-margin=\"default\" class=\"wpb_row vc_row-fluid vc_row inner_row vc_row-o-equal-height vc_row-flex vc_row-o-content-middle\"  style=\"padding-top: 10%; padding-bottom: 20%; \"><div class=\"row-bg-wrap\"> <div class=\"row-bg\" ><\/div> <\/div><div class=\"row_col_wrap_12_inner col span_12  left\">\n\t<div  class=\"vc_col-sm-8 wpb_column column_container vc_column_container col child_column padding-2-percent inherit_tablet inherit_phone\"   data-padding-pos=\"right\" data-has-bg-color=\"false\" data-bg-color=\"\" data-bg-opacity=\"1\" data-animation=\"\" data-delay=\"0\" >\n\t\t<div class=\"vc_column-inner\" >\n\t\t<div class=\"wpb_wrapper\">\n\t\t\t<h1 style=\"text-align: left\" class=\"vc_custom_heading vc_do_custom_heading headerText\" >PuurData: Elastic-Experte<\/h1>\n<div class=\"wpb_text_column wpb_content_element  headerText\" >\n\t<div class=\"wpb_wrapper\">\n\t\t<h4>PuurData unterst\u00fctzt Sie mit der Technologie von Elastic bei der schnellen Suche, Analyse und Visualisierung von Daten. Als Elite-Partner von Elastic wissen wir, was Sie brauchen, um schneller auf Ver\u00e4nderungen zu reagieren und der Konkurrenz immer einen Schritt voraus zu sein.<\/h4>\n\t<\/div>\n<\/div>\n\n\n\n\n\t\t<\/div> \n\t<\/div>\n\t<\/div> \n\n\t<div  class=\"vc_col-sm-4 wpb_column column_container vc_column_container col child_column padding-2-percent inherit_tablet inherit_phone\"   data-padding-pos=\"left\" data-has-bg-color=\"false\" data-bg-color=\"\" data-bg-opacity=\"1\" data-animation=\"\" data-delay=\"0\" >\n\t\t<div class=\"vc_column-inner\" >\n\t\t<div class=\"wpb_wrapper\">\n\t\t\t\n\t\t<\/div> \n\t<\/div>\n\t<\/div> \n<\/div><\/div>\n\t\t\t<\/div> \n\t\t<\/div>\n\t<\/div> \n<\/div><\/div>\n\t\t<div id=\"fws_69e0ccdbcfc24\"  data-column-margin=\"default\" data-midnight=\"dark\"  class=\"wpb_row vc_row-fluid vc_row\"  style=\"padding-top: 100px; padding-bottom: 100px; \"><div class=\"row-bg-wrap\" data-bg-animation=\"none\" data-bg-animation-delay=\"\" data-bg-overlay=\"false\"><div class=\"inner-wrap row-bg-layer\" ><div class=\"row-bg viewport-desktop\"  style=\"\"><\/div><\/div><\/div><div class=\"row_col_wrap_12 col span_12 dark left\">\n\t<div  class=\"vc_col-sm-8 wpb_column column_container vc_column_container col no-extra-padding inherit_tablet inherit_phone\"  data-padding-pos=\"all\" data-has-bg-color=\"false\" data-bg-color=\"\" data-bg-opacity=\"1\" data-animation=\"\" data-delay=\"0\" >\n\t\t<div class=\"vc_column-inner\" >\n\t\t\t<div class=\"wpb_wrapper\">\n\t\t\t\t\n<div class=\"wpb_text_column wpb_content_element\" >\n\t<div class=\"wpb_wrapper\">\n\t\t<p><strong>Unternehmen verf\u00fcgen \u00fcber Terabyte an Daten, von denen viele zunehmend unstrukturiert sind. Dadurch bleiben wichtige Informationen verborgen, die f\u00fcr fundiertere Entscheidungen genutzt werden k\u00f6nnten. PuurData unterst\u00fctzt Sie mithilfe der Elastic-Technologie bei der schnellen Suche, Analyse und Visualisierung von Daten. <a href=\"https:\/\/puurdata.nl\/de\/elite-elastikpartner\/\">Elite-Partner<\/a> Wir bei Elastic wissen, was Sie brauchen, um schneller auf Ver\u00e4nderungen zu reagieren und der Konkurrenz immer einen Schritt voraus zu sein. <\/strong><\/p>\n<h3>Elastisch: Was ist das?<\/h3>\n<p>Elastic ist eine L\u00f6sung, mit der Sie schnell riesige Datenmengen durchsuchen und analysieren k\u00f6nnen. Die L\u00f6sung eignet sich daher sehr gut zur Analyse und Visualisierung von Protokolldaten. Die Elastic Platform vereint alle Teile des Elastic Stack. Diese besteht aus drei verschiedenen Anwendungen, n\u00e4mlich:<\/p>\n<ol>\n<li><strong>Elasticsearch: <\/strong>Die zentrale Engine, die es erm\u00f6glicht, dem Datenwachstum Rechnung zu tragen sowie Daten zu suchen und zu analysieren.<\/li>\n<li><strong>Kibana: <\/strong>Diese L\u00f6sung bietet Visualisierung und bietet die M\u00f6glichkeit, Daten in Echtzeit zu analysieren. Sie f\u00fcgen Ihrer Umgebung Datenexploration, Visualisierung und Dashboarding hinzu.<\/li>\n<li><strong>Logstash: <\/strong>Die \u201ezentrale Datenfluss-Engine\u201c im Elastic Stack zum Sammeln, Anreichern und Zusammenf\u00fchren aller Ihrer Daten, unabh\u00e4ngig vom Format dieser Daten. Es gew\u00e4hrleistet die Echtzeitverarbeitung Ihrer Daten.<\/li>\n<\/ol>\n<p>F\u00fcr weitere Informationen lesen Sie unseren Blog &#039;<a href=\"https:\/\/puurdata.nl\/de\/elastic-und-elasticsearch-software-unterschiede-erkennen\/\">Elastic- und Elasticsearch-Software: Entdecken Sie die Unterschiede<\/a>\u2018&#039;\u2018<\/p>\n<h3>Elastisch: beispiellos schnell<\/h3>\n<p>Die Umgebung arbeitet \u201enahezu in Echtzeit\u201c und ist \u00e4u\u00dferst skalierbar. Durch die Unterst\u00fctzung mehrerer Mandanten l\u00e4sst sich die Umgebung einfach skalieren. Die Neuverteilung und Weiterleitung von Daten und Arbeitslasten erfolgt automatisch.<\/p>\n<h3>Elastisch und PuurData<\/h3>\n<p>PuurData bietet Beratung, Management und Lizenzierung rund um den Elastic Stack. Wir unterst\u00fctzen Sie bei der Einrichtung Ihrer Elastic-Umgebung, der Anbindung von Datenquellen und der Erstellung von Analysen und Visualisierungen. Wenn Sie uns einen Proof of Concept durchf\u00fchren lassen, werden Sie schnell und mit minimalen Kosten Ergebnisse sehen. Wir k\u00f6nnen Ihnen auch dabei helfen, die richtige Unterst\u00fctzung zu erhalten.<\/p>\n<p><img loading=\"lazy\" decoding=\"async\" class=\"size-full wp-image-1914 aligncenter\" src=\"https:\/\/puurdata.nl\/wp-content\/uploads\/2023\/11\/Elasticsearch.png\" alt=\"\" width=\"200\" height=\"69\" srcset=\"https:\/\/puurdata.nl\/wp-content\/uploads\/2023\/11\/Elasticsearch.png 200w, https:\/\/puurdata.nl\/wp-content\/uploads\/2023\/11\/Elasticsearch-18x6.png 18w\" sizes=\"auto, (max-width: 200px) 100vw, 200px\" \/><\/p>\n<p><img loading=\"lazy\" decoding=\"async\" class=\"size-medium wp-image-2818 aligncenter\" src=\"https:\/\/puurdata.nl\/wp-content\/uploads\/2025\/02\/icons3-verzam-300x99.png\" alt=\"\" width=\"300\" height=\"99\" srcset=\"https:\/\/puurdata.nl\/wp-content\/uploads\/2025\/02\/icons3-verzam-300x99.png 300w, https:\/\/puurdata.nl\/wp-content\/uploads\/2025\/02\/icons3-verzam-18x6.png 18w, https:\/\/puurdata.nl\/wp-content\/uploads\/2025\/02\/icons3-verzam.png 518w\" sizes=\"auto, (max-width: 300px) 100vw, 300px\" \/><\/p>\n<p>Sie haben Fragen zu Elastic? Weitere Informationen finden Sie auf der About-Seite <a href=\"https:\/\/puurdata.nl\/de\/losungen\/\">Unsere L\u00f6sungen<\/a> oder nachschlagen <a href=\"http:\/\/www.elastic.co\" target=\"_blank\" rel=\"noopener\">elastisch.co<\/a>.<\/p>\n<p>M\u00f6chten Sie lieber selbst loslegen? Dann lesen Sie unseren Blog &#039;<a href=\"https:\/\/puurdata.nl\/de\/elasticsearch-in-7-schritten-installieren\/\">Installieren Sie Elastic in sieben Schritten!<\/a>\u2018&#039;.<\/p>\n<h3>Haben Sie eine Frage zu Elastic?<\/h3>\n<p>Frag ihn <a href=\"https:\/\/puurdata.nl\/de\/kontakt\/\" rel=\"noopener\">hier<\/a> und Sie erhalten umgehend eine Antwort!<\/p>\n\t<\/div>\n<\/div>\n\n\n\n\n\t\t\t<\/div> \n\t\t<\/div>\n\t<\/div> \n\n\t<div  class=\"vc_col-sm-4 wpb_column column_container vc_column_container col no-extra-padding inherit_tablet inherit_phone\"  data-padding-pos=\"all\" data-has-bg-color=\"false\" data-bg-color=\"\" data-bg-opacity=\"1\" data-animation=\"\" data-delay=\"0\" >\n\t\t<div class=\"vc_column-inner\" >\n\t\t\t<div class=\"wpb_wrapper\">\n\t\t\t\t<h4 style=\"color: #e9812e;text-align: left;font-family:Abril Fatface;font-weight:400;font-style:normal\" class=\"vc_custom_heading vc_do_custom_heading\" >Neuesten Nachrichten<\/h4>\n    <div class=\"row blog-recent columns-1\" data-style=\"classic_enhanced\" data-color-scheme=\"light\" data-remove-post-date=\"1\" data-remove-post-author=\"1\" data-remove-post-comment-number=\"1\" data-remove-post-nectar-love=\"1\">\n\n      \n      <div class=\"col span_12 post-3941 post type-post status-publish format-standard has-post-thumbnail category-headlines tag-ai tag-monitoring tag-observability tag-search-ai tag-soc\" >\n\n        \n            <div class=\"inner-wrap post-3941 post type-post status-publish format-standard has-post-thumbnail category-headlines tag-ai tag-monitoring tag-observability tag-search-ai tag-soc\">\n\n            <a href=\"https:\/\/puurdata.nl\/de\/samen-verder-bouwen-aan-slimme-en-betrouwbare-data-oplossingen\/\"  class=\"img-link\"><span class=\"post-featured-img\"><img loading=\"lazy\" decoding=\"async\" width=\"600\" height=\"403\" src=\"https:\/\/puurdata.nl\/wp-content\/uploads\/2025\/12\/shutterstock_788626381-600x403.jpg\" class=\"attachment-portfolio-thumb size-portfolio-thumb wp-post-image\" alt=\"\" title=\"\" sizes=\"auto, (min-width: 1000px) 100vw, (min-width: 690px) 100vw, 100vw\" srcset=\"https:\/\/puurdata.nl\/wp-content\/uploads\/2025\/12\/shutterstock_788626381-600x403.jpg 600w, https:\/\/puurdata.nl\/wp-content\/uploads\/2025\/12\/shutterstock_788626381-18x12.jpg 18w, https:\/\/puurdata.nl\/wp-content\/uploads\/2025\/12\/shutterstock_788626381-900x604.jpg 900w, https:\/\/puurdata.nl\/wp-content\/uploads\/2025\/12\/shutterstock_788626381-400x269.jpg 400w\" \/><\/span><\/a><span class=\"meta-category\"><a class=\"headlines\" href=\"https:\/\/puurdata.nl\/de\/category\/headlines\/\">Schlagzeilen<\/a><\/span><a class=\"entire-meta-link\" href=\"https:\/\/puurdata.nl\/de\/samen-verder-bouwen-aan-slimme-en-betrouwbare-data-oplossingen\/\" ><span class=\"screen-reader-text\">Gemeinsam intelligente und zuverl\u00e4ssige Datenl\u00f6sungen entwickeln<\/span><\/a>\n            <div class=\"article-content-wrap\">\n              <div class=\"post-header\">\n                <span class=\"meta\"> 09\/12\/2025 <\/span>\n                <h3 class=\"title\">Gemeinsam intelligente und zuverl\u00e4ssige Datenl\u00f6sungen entwickeln<\/h3>\n              <\/div><!--\/post-header-->\n              <div class=\"excerpt\">\n                Das Jahr 2025 brachte neue Fortschritte in den Bereichen KI-gest\u00fctzte Suche, Sicherheit, Beobachtbarkeit und Datenintegration. In diesem Artikel blicken wir auf die wichtigsten Entwicklungen zur\u00fcck und werfen einen Ausblick auf das Jahr 2026.              <\/div>\n            <\/div>\n\n            <div class=\"post-meta\">\n              <span class=\"meta-author\"> <a href=\"https:\/\/puurdata.nl\/de\/author\/astegpuurdata-nl\/\"> <i class=\"icon-default-style icon-salient-m-user\"><\/i> Alex Steg<\/a> <\/span>\n\n              \n              <div class=\"nectar-love-wrap\">\n                <a href=\"#\" class=\"nectar-love\" id=\"nectar-love-3941\" title=\"liebe das\"> <i class=\"icon-salient-heart-2\"><\/i><span class=\"love-text\">Liebe<\/span><span class=\"total_loves\"><span class=\"nectar-love-count\">9<\/span><\/span><\/a>              <\/div><!--\/nectar-love-wrap-->\n            <\/div>\n\n          <\/div>\n\n        \n      <\/div><!--\/col-->\n\n      \n      <div class=\"col span_12 post-3865 post type-post status-publish format-standard has-post-thumbnail category-headlines tag-ai tag-chat tag-clickhouse tag-librechat\" >\n\n        \n            <div class=\"inner-wrap post-3865 post type-post status-publish format-standard has-post-thumbnail category-headlines tag-ai tag-chat tag-clickhouse tag-librechat\">\n\n            <a href=\"https:\/\/puurdata.nl\/de\/clickhouse-versterkt-ai-strategie-met-overname-van-librechat\/\"  class=\"img-link\"><span class=\"post-featured-img\"><img loading=\"lazy\" decoding=\"async\" width=\"600\" height=\"403\" src=\"https:\/\/puurdata.nl\/wp-content\/uploads\/2025\/11\/librechat-600x403.jpg\" class=\"attachment-portfolio-thumb size-portfolio-thumb wp-post-image\" alt=\"\" title=\"\" sizes=\"auto, (min-width: 1000px) 100vw, (min-width: 690px) 100vw, 100vw\" srcset=\"https:\/\/puurdata.nl\/wp-content\/uploads\/2025\/11\/librechat-600x403.jpg 600w, https:\/\/puurdata.nl\/wp-content\/uploads\/2025\/11\/librechat-900x604.jpg 900w, https:\/\/puurdata.nl\/wp-content\/uploads\/2025\/11\/librechat-400x269.jpg 400w\" \/><\/span><\/a><span class=\"meta-category\"><a class=\"headlines\" href=\"https:\/\/puurdata.nl\/de\/category\/headlines\/\">Schlagzeilen<\/a><\/span><a class=\"entire-meta-link\" href=\"https:\/\/puurdata.nl\/de\/clickhouse-versterkt-ai-strategie-met-overname-van-librechat\/\" ><span class=\"screen-reader-text\">ClickHouse st\u00e4rkt KI-Strategie durch \u00dcbernahme von LibreChat<\/span><\/a>\n            <div class=\"article-content-wrap\">\n              <div class=\"post-header\">\n                <span class=\"meta\"> 06\/11\/2025 <\/span>\n                <h3 class=\"title\">ClickHouse st\u00e4rkt KI-Strategie durch \u00dcbernahme von LibreChat<\/h3>\n              <\/div><!--\/post-header-->\n              <div class=\"excerpt\">\n                ClickHouse hat LibreChat \u00fcbernommen, ein Open-Source-Chat-Framework, das es Benutzern erm\u00f6glicht, ihre Datenfragen in einfacher Sprache zu stellen.              <\/div>\n            <\/div>\n\n            <div class=\"post-meta\">\n              <span class=\"meta-author\"> <a href=\"https:\/\/puurdata.nl\/de\/author\/astegpuurdata-nl\/\"> <i class=\"icon-default-style icon-salient-m-user\"><\/i> Alex Steg<\/a> <\/span>\n\n              \n              <div class=\"nectar-love-wrap\">\n                <a href=\"#\" class=\"nectar-love\" id=\"nectar-love-3865\" title=\"liebe das\"> <i class=\"icon-salient-heart-2\"><\/i><span class=\"love-text\">Liebe<\/span><span class=\"total_loves\"><span class=\"nectar-love-count\">9<\/span><\/span><\/a>              <\/div><!--\/nectar-love-wrap-->\n            <\/div>\n\n          <\/div>\n\n        \n      <\/div><!--\/col-->\n\n      \n    <\/div><!--\/blog-recent-->\n\n  \n\t\t\t<\/div> \n\t\t<\/div>\n\t<\/div> \n<\/div><\/div>","protected":false},"excerpt":{"rendered":"ClickHouse st\u00e4rkt KI-Strategie mit LibreChat-\u00dcbernahme. Ein weiterer Schritt in der Konvergenz von Datenanalyse und KI: ClickHouse hat LibreChat \u00fcbernommen, ein Open-Source-Chat-Framework, das es Nutzern erm\u00f6glicht, Fragen in nat\u00fcrlicher Sprache zu stellen...","protected":false},"author":5,"featured_media":0,"parent":3115,"menu_order":0,"comment_status":"closed","ping_status":"closed","template":"","meta":{"content-type":"","footnotes":""},"class_list":["post-1918","page","type-page","status-publish"],"yoast_head":"<!-- This site is optimized with the Yoast SEO plugin v27.3 - https:\/\/yoast.com\/product\/yoast-seo-wordpress\/ -->\n<title>PuurData: Elastic-expert - PuurData<\/title>\n<meta name=\"description\" content=\"PuurData: Elite Partner van Elastic. Doorzoek, analyseer en visualiseer data snel om veranderingen voor te blijven.\" \/>\n<meta name=\"robots\" content=\"index, follow, max-snippet:-1, max-image-preview:large, max-video-preview:-1\" \/>\n<link rel=\"canonical\" href=\"https:\/\/puurdata.nl\/de\/elastische-expertise\/reine-daten-und-elastizitat\/\" \/>\n<meta name=\"twitter:label1\" content=\"Gesch\u00e4tzte Lesezeit\" \/>\n\t<meta name=\"twitter:data1\" content=\"3\u00a0Minuten\" \/>\n<script type=\"application\/ld+json\" class=\"yoast-schema-graph\">{\"@context\":\"https:\\\/\\\/schema.org\",\"@graph\":[{\"@type\":\"WebPage\",\"@id\":\"https:\\\/\\\/puurdata.nl\\\/elastic-expertise\\\/puur-data-en-elastic\\\/\",\"url\":\"https:\\\/\\\/puurdata.nl\\\/elastic-expertise\\\/puur-data-en-elastic\\\/\",\"name\":\"PuurData: Elastic-expert - PuurData\",\"isPartOf\":{\"@id\":\"https:\\\/\\\/puurdata.nl\\\/#website\"},\"primaryImageOfPage\":{\"@id\":\"https:\\\/\\\/puurdata.nl\\\/elastic-expertise\\\/puur-data-en-elastic\\\/#primaryimage\"},\"image\":{\"@id\":\"https:\\\/\\\/puurdata.nl\\\/elastic-expertise\\\/puur-data-en-elastic\\\/#primaryimage\"},\"thumbnailUrl\":\"https:\\\/\\\/puurdata.nl\\\/wp-content\\\/uploads\\\/2023\\\/11\\\/Elasticsearch.png\",\"datePublished\":\"2023-11-29T12:18:24+00:00\",\"dateModified\":\"2025-07-15T12:44:59+00:00\",\"description\":\"PuurData: Elite Partner van Elastic. Doorzoek, analyseer en visualiseer data snel om veranderingen voor te blijven.\",\"breadcrumb\":{\"@id\":\"https:\\\/\\\/puurdata.nl\\\/elastic-expertise\\\/puur-data-en-elastic\\\/#breadcrumb\"},\"inLanguage\":\"de\",\"potentialAction\":[{\"@type\":\"ReadAction\",\"target\":[\"https:\\\/\\\/puurdata.nl\\\/elastic-expertise\\\/puur-data-en-elastic\\\/\"]}]},{\"@type\":\"ImageObject\",\"inLanguage\":\"de\",\"@id\":\"https:\\\/\\\/puurdata.nl\\\/elastic-expertise\\\/puur-data-en-elastic\\\/#primaryimage\",\"url\":\"https:\\\/\\\/puurdata.nl\\\/wp-content\\\/uploads\\\/2023\\\/11\\\/Elasticsearch.png\",\"contentUrl\":\"https:\\\/\\\/puurdata.nl\\\/wp-content\\\/uploads\\\/2023\\\/11\\\/Elasticsearch.png\"},{\"@type\":\"BreadcrumbList\",\"@id\":\"https:\\\/\\\/puurdata.nl\\\/elastic-expertise\\\/puur-data-en-elastic\\\/#breadcrumb\",\"itemListElement\":[{\"@type\":\"ListItem\",\"position\":1,\"name\":\"Home\",\"item\":\"https:\\\/\\\/puurdata.nl\\\/\"},{\"@type\":\"ListItem\",\"position\":2,\"name\":\"Elastic Expertise\",\"item\":\"https:\\\/\\\/puurdata.nl\\\/elastic-expertise\\\/\"},{\"@type\":\"ListItem\",\"position\":3,\"name\":\"PuurData: Elastic-expert\"}]},{\"@type\":\"WebSite\",\"@id\":\"https:\\\/\\\/puurdata.nl\\\/#website\",\"url\":\"https:\\\/\\\/puurdata.nl\\\/\",\"name\":\"PuurData\",\"description\":\"PuurData\",\"potentialAction\":[{\"@type\":\"SearchAction\",\"target\":{\"@type\":\"EntryPoint\",\"urlTemplate\":\"https:\\\/\\\/puurdata.nl\\\/?s={search_term_string}\"},\"query-input\":{\"@type\":\"PropertyValueSpecification\",\"valueRequired\":true,\"valueName\":\"search_term_string\"}}],\"inLanguage\":\"de\"}]}<\/script>\n<!-- \/ Yoast SEO plugin. -->","yoast_head_json":{"title":"PuurData: Elastic Expert - PuurData","description":"PuurData: Elite-Partner von Elastic. Daten schnell suchen, analysieren und visualisieren, um dem Wandel immer einen Schritt voraus zu sein.","robots":{"index":"index","follow":"follow","max-snippet":"max-snippet:-1","max-image-preview":"max-image-preview:large","max-video-preview":"max-video-preview:-1"},"canonical":"https:\/\/puurdata.nl\/de\/elastische-expertise\/reine-daten-und-elastizitat\/","twitter_misc":{"Gesch\u00e4tzte Lesezeit":"3\u00a0Minuten"},"schema":{"@context":"https:\/\/schema.org","@graph":[{"@type":"WebPage","@id":"https:\/\/puurdata.nl\/elastic-expertise\/puur-data-en-elastic\/","url":"https:\/\/puurdata.nl\/elastic-expertise\/puur-data-en-elastic\/","name":"PuurData: Elastic Expert - PuurData","isPartOf":{"@id":"https:\/\/puurdata.nl\/#website"},"primaryImageOfPage":{"@id":"https:\/\/puurdata.nl\/elastic-expertise\/puur-data-en-elastic\/#primaryimage"},"image":{"@id":"https:\/\/puurdata.nl\/elastic-expertise\/puur-data-en-elastic\/#primaryimage"},"thumbnailUrl":"https:\/\/puurdata.nl\/wp-content\/uploads\/2023\/11\/Elasticsearch.png","datePublished":"2023-11-29T12:18:24+00:00","dateModified":"2025-07-15T12:44:59+00:00","description":"PuurData: Elite-Partner von Elastic. Daten schnell suchen, analysieren und visualisieren, um dem Wandel immer einen Schritt voraus zu sein.","breadcrumb":{"@id":"https:\/\/puurdata.nl\/elastic-expertise\/puur-data-en-elastic\/#breadcrumb"},"inLanguage":"de","potentialAction":[{"@type":"ReadAction","target":["https:\/\/puurdata.nl\/elastic-expertise\/puur-data-en-elastic\/"]}]},{"@type":"ImageObject","inLanguage":"de","@id":"https:\/\/puurdata.nl\/elastic-expertise\/puur-data-en-elastic\/#primaryimage","url":"https:\/\/puurdata.nl\/wp-content\/uploads\/2023\/11\/Elasticsearch.png","contentUrl":"https:\/\/puurdata.nl\/wp-content\/uploads\/2023\/11\/Elasticsearch.png"},{"@type":"BreadcrumbList","@id":"https:\/\/puurdata.nl\/elastic-expertise\/puur-data-en-elastic\/#breadcrumb","itemListElement":[{"@type":"ListItem","position":1,"name":"Home","item":"https:\/\/puurdata.nl\/"},{"@type":"ListItem","position":2,"name":"Elastic Expertise","item":"https:\/\/puurdata.nl\/elastic-expertise\/"},{"@type":"ListItem","position":3,"name":"PuurData: Elastic-expert"}]},{"@type":"WebSite","@id":"https:\/\/puurdata.nl\/#website","url":"https:\/\/puurdata.nl\/","name":"PuurData","description":"PuurData","potentialAction":[{"@type":"SearchAction","target":{"@type":"EntryPoint","urlTemplate":"https:\/\/puurdata.nl\/?s={search_term_string}"},"query-input":{"@type":"PropertyValueSpecification","valueRequired":true,"valueName":"search_term_string"}}],"inLanguage":"de"}]}},"_links":{"self":[{"href":"https:\/\/puurdata.nl\/de\/wp-json\/wp\/v2\/pages\/1918","targetHints":{"allow":["GET"]}}],"collection":[{"href":"https:\/\/puurdata.nl\/de\/wp-json\/wp\/v2\/pages"}],"about":[{"href":"https:\/\/puurdata.nl\/de\/wp-json\/wp\/v2\/types\/page"}],"author":[{"embeddable":true,"href":"https:\/\/puurdata.nl\/de\/wp-json\/wp\/v2\/users\/5"}],"replies":[{"embeddable":true,"href":"https:\/\/puurdata.nl\/de\/wp-json\/wp\/v2\/comments?post=1918"}],"version-history":[{"count":15,"href":"https:\/\/puurdata.nl\/de\/wp-json\/wp\/v2\/pages\/1918\/revisions"}],"predecessor-version":[{"id":3428,"href":"https:\/\/puurdata.nl\/de\/wp-json\/wp\/v2\/pages\/1918\/revisions\/3428"}],"up":[{"embeddable":true,"href":"https:\/\/puurdata.nl\/de\/wp-json\/wp\/v2\/pages\/3115"}],"wp:attachment":[{"href":"https:\/\/puurdata.nl\/de\/wp-json\/wp\/v2\/media?parent=1918"}],"curies":[{"name":"wp","href":"https:\/\/api.w.org\/{rel}","templated":true}]}}