{"id":2896,"date":"2025-04-28T14:36:04","date_gmt":"2025-04-28T12:36:04","guid":{"rendered":"https:\/\/www.puurdata.nl\/?page_id=2896"},"modified":"2025-04-29T10:09:12","modified_gmt":"2025-04-29T08:09:12","slug":"webinar-zum-thema-such-ki","status":"publish","type":"page","link":"https:\/\/puurdata.nl\/de\/search-ai-webinar\/","title":{"rendered":"Webinar zur Such-KI"},"content":{"rendered":"<div id=\"fws_69dfb7cfa4688\"  data-column-margin=\"default\" data-midnight=\"dark\"  class=\"wpb_row vc_row-fluid vc_row full-width-section headerBox\"  style=\"padding-top: 0px; padding-bottom: 0px; \"><div class=\"row-bg-wrap\" data-bg-animation=\"none\" data-bg-animation-delay=\"\" data-bg-overlay=\"false\"><div class=\"inner-wrap row-bg-layer using-image\" ><div class=\"row-bg viewport-desktop using-image\"  style=\"background-image: url(https:\/\/puurdata.nl\/wp-content\/uploads\/2019\/07\/header.png); background-position: center bottom; background-repeat: no-repeat; \"><\/div><\/div><\/div><div class=\"row_col_wrap_12 col span_12 dark left\">\n\t<div  class=\"vc_col-sm-12 wpb_column column_container vc_column_container col no-extra-padding\"  data-padding-pos=\"all\" data-has-bg-color=\"false\" data-bg-color=\"\" data-bg-opacity=\"1\" data-animation=\"\" data-delay=\"0\" >\n\t\t<div class=\"vc_column-inner\" >\n\t\t\t<div class=\"wpb_wrapper\">\n\t\t\t\t<div id=\"fws_69dfb7cfa5279\" data-midnight=\"\" data-column-margin=\"default\" class=\"wpb_row vc_row-fluid vc_row inner_row vc_row-o-equal-height vc_row-flex vc_row-o-content-middle\"  style=\"padding-top: 10%; padding-bottom: 20%; \"><div class=\"row-bg-wrap\"> <div class=\"row-bg\" ><\/div> <\/div><div class=\"row_col_wrap_12_inner col span_12  left\">\n\t<div  class=\"vc_col-sm-8 wpb_column column_container vc_column_container col child_column padding-2-percent\"   data-padding-pos=\"right\" data-has-bg-color=\"false\" data-bg-color=\"\" data-bg-opacity=\"1\" data-animation=\"\" data-delay=\"0\" >\n\t\t<div class=\"vc_column-inner\" >\n\t\t<div class=\"wpb_wrapper\">\n\t\t\t<h1 style=\"text-align: left\" class=\"vc_custom_heading vc_do_custom_heading headerText\" >Das Search AI-Webinar, unterst\u00fctzt von Elastic und PuurData<\/h1>\n<div class=\"wpb_text_column wpb_content_element  headerText\" >\n\t<div class=\"wpb_wrapper\">\n\t\t<h4>Entdecken Sie die Zukunft intelligenter Suchl\u00f6sungen<\/h4>\n\t<\/div>\n<\/div>\n\n\n\n\n\t\t<\/div> \n\t<\/div>\n\t<\/div> \n\n\t<div  class=\"vc_col-sm-4 wpb_column column_container vc_column_container col child_column no-extra-padding\"   data-padding-pos=\"all\" data-has-bg-color=\"false\" data-bg-color=\"\" data-bg-opacity=\"1\" data-animation=\"\" data-delay=\"0\" >\n\t\t<div class=\"vc_column-inner\" >\n\t\t<div class=\"wpb_wrapper\">\n\t\t\t<div class=\"img-with-aniamtion-wrap center\" data-max-width=\"100%\" data-max-width-mobile=\"100%\" data-shadow=\"none\" data-animation=\"none\" >\n      <div class=\"inner\">\n        <div class=\"hover-wrap\"> \n          <div class=\"hover-wrap-inner\">\n            <img loading=\"lazy\" decoding=\"async\" class=\"img-with-animation skip-lazy\" data-delay=\"0\" height=\"2409\" width=\"3558\" data-animation=\"none\" src=\"https:\/\/puurdata.nl\/wp-content\/uploads\/2019\/07\/Search1.svg\" alt=\"\"  \/>\n          <\/div>\n        <\/div>\n      <\/div>\n    <\/div>\n\t\t<\/div> \n\t<\/div>\n\t<\/div> \n<\/div><\/div>\n\t\t\t<\/div> \n\t\t<\/div>\n\t<\/div> \n<\/div><\/div>\n\t\t<div id=\"fws_69dfb7cfa723a\"  data-column-margin=\"default\" data-midnight=\"dark\"  class=\"wpb_row vc_row-fluid vc_row\"  style=\"padding-top: 50px; padding-bottom: 100px; \"><div class=\"row-bg-wrap\" data-bg-animation=\"none\" data-bg-animation-delay=\"\" data-bg-overlay=\"false\"><div class=\"inner-wrap row-bg-layer\" ><div class=\"row-bg viewport-desktop\"  style=\"\"><\/div><\/div><\/div><div class=\"row_col_wrap_12 col span_12 dark left\">\n\t<div style=\"\" class=\"vc_col-sm-7 wpb_column column_container vc_column_container col padding-10-percent\" data-using-bg=\"true\" data-padding-pos=\"all\" data-has-bg-color=\"true\" data-bg-color=\"#ffffff\" data-bg-opacity=\"1\" data-hover-bg=\"#ffffff\" data-hover-bg-opacity=\"1\" data-animation=\"\" data-delay=\"0\" >\n\t\t<div class=\"vc_column-inner\" ><div class=\"column-bg-overlay-wrap column-bg-layer\" data-bg-animation=\"none\"><div class=\"column-bg-overlay\" style=\"opacity: 1; background-color: #ffffff;\"><\/div><\/div>\n\t\t\t<div class=\"wpb_wrapper\">\n\t\t\t\t<h2 style=\"text-align: left\" class=\"vc_custom_heading vc_do_custom_heading\" >Holen Sie mit Search AI mehr aus Ihren Daten heraus<\/h2>\n<div class=\"wpb_text_column wpb_content_element\" >\n\t<div class=\"wpb_wrapper\">\n\t\t<p class=\"\" data-start=\"308\" data-end=\"408\"><strong data-start=\"308\" data-end=\"408\">Entdecken Sie, wie Ihre Suchfunktion mit Elastic und PuurData intelligenter, schneller und effizienter wird.<\/strong><\/p>\n<p class=\"\" data-start=\"410\" data-end=\"741\">Sind Sie ein Elastic-Benutzer und ein PuurData-Kunde? M\u00f6chten Sie erfahren, wie Sie Ihre Suchfunktionalit\u00e4t mithilfe der Leistungsf\u00e4higkeit von KI auf die n\u00e4chste Stufe heben? W\u00e4hrend unserer interaktiven <strong data-start=\"582\" data-end=\"603\">Webinar zur Such-KI<\/strong> Entdecken Sie, wie Search AI Ihnen hilft, Informationen in gro\u00dfen Mengen strukturierter und unstrukturierter Daten schneller und intelligenter zu finden.<\/p>\n<p class=\"\" data-start=\"743\" data-end=\"967\">Gemeinsam mit Elastic-Experten entf\u00fchren wir Sie in die Welt der KI-gesteuerten Suche und der neuesten Innovationen im Elastic-\u00d6kosystem. Sie erhalten konkrete Einblicke und eine Live-Demonstration, die Sie sofort nutzen k\u00f6nnen.<\/p>\n<h4><strong>Programm<\/strong><\/h4>\n<p><strong>10:00 \u2013 Begr\u00fc\u00dfung &amp; Einf\u00fchrung<\/strong><br \/>\nEine kurze Einf\u00fchrung in die gr\u00f6\u00dften Datenherausforderungen von heute und wie Search AI Unternehmen dabei hilft, schneller, intelligenter und effizienter zu suchen.<\/p>\n<p><strong>10:10 \u2013 Was ist Such-KI?<\/strong><br \/>\nEine praktische Erkl\u00e4rung von Search AI: Wie Elastic Search und generative KI zusammenwirken, um Suchergebnisse zu verbessern und die Entscheidungsfindung zu beschleunigen.<\/p>\n<p><strong>10:30 \u2013 Such-KI in Aktion + Live-Demo<\/strong><br \/>\nSehen Sie sich eine Live-Demo einer Search AI-L\u00f6sung an, die auf einem realen Fall basiert. Entdecken Sie, wie Techniken wie Natural Language Processing (NLP) und Vektorsuche Ihre Suchergebnisse leistungsf\u00e4higer und intuitiver machen k\u00f6nnen.<\/p>\n<p><strong>11:15 \u2013 Interaktive Frage- und Antwortrunde und Abschluss<\/strong><br \/>\nStellen Sie unseren Experten Ihre Fragen und erhalten Sie praktische Tipps, um selbst mit Search AI durchzustarten.<\/p>\n<h4><strong>F\u00fcr wen ist dieses Webinar?<\/strong><\/h4>\n<p>Dieses Webinar richtet sich ausschlie\u00dflich an Elastic-Benutzer und PuurData-Kunden, die ihre Suchfunktion optimieren und die Leistungsf\u00e4higkeit der KI nutzen m\u00f6chten.<\/p>\n<h4><strong>Details zum Seminar<\/strong><\/h4>\n<ul>\n<li><strong>Datum:<\/strong> Dienstag, 24. Juni 2025<\/li>\n<li><strong>Zeit:<\/strong> 10:00 \u2013 11:15 Uhr<\/li>\n<li><strong>Standort: <\/strong>Online (einen Link erhalten Sie nach der Anmeldung)<\/li>\n<\/ul>\n\t<\/div>\n<\/div>\n\n\n\n\n<div class=\"wpb_text_column wpb_content_element\" >\n\t<div class=\"wpb_wrapper\">\n\t\t<p>Registrieren Sie sich jetzt und entdecken Sie, wie Sie Ihre Suchfunktionalit\u00e4t mit Search AI auf die n\u00e4chste Stufe heben!<\/p>\n<p><script charset=\"utf-8\" type=\"text\/javascript\" src=\"\/\/js.hsforms.net\/forms\/embed\/v2.js\"><\/script><br \/>\n<script>\n  hbspt.forms.create({\n    portalId: \"2837840\",\n    formId: \"1125cbf0-f1f3-4ac7-956d-b2647a72b23b\",\n    region: \"na1\"\n  });\n<\/script><\/p>\n\t<\/div>\n<\/div>\n\n\n\n\n\t\t\t<\/div> \n\t\t<\/div>\n\t<\/div> \n\n\t<div  class=\"vc_col-sm-5 wpb_column column_container vc_column_container col padding-10-percent\"  data-padding-pos=\"all\" data-has-bg-color=\"false\" data-bg-color=\"\" data-bg-opacity=\"1\" data-animation=\"\" data-delay=\"0\" >\n\t\t<div class=\"vc_column-inner\" >\n\t\t\t<div class=\"wpb_wrapper\">\n\t\t\t\t<div class=\"img-with-aniamtion-wrap\" data-max-width=\"100%\" data-max-width-mobile=\"100%\" data-shadow=\"none\" data-animation=\"none\" >\n      <div class=\"inner\">\n        <div class=\"hover-wrap\"> \n          <div class=\"hover-wrap-inner\">\n            <img loading=\"lazy\" decoding=\"async\" class=\"img-with-animation skip-lazy\" data-delay=\"0\" height=\"939\" width=\"1350\" data-animation=\"none\" src=\"https:\/\/puurdata.nl\/wp-content\/uploads\/2025\/04\/webinar.png\" alt=\"\" srcset=\"https:\/\/puurdata.nl\/wp-content\/uploads\/2025\/04\/webinar.png 1350w, https:\/\/puurdata.nl\/wp-content\/uploads\/2025\/04\/webinar-300x209.png 300w, https:\/\/puurdata.nl\/wp-content\/uploads\/2025\/04\/webinar-1024x712.png 1024w, https:\/\/puurdata.nl\/wp-content\/uploads\/2025\/04\/webinar-768x534.png 768w, https:\/\/puurdata.nl\/wp-content\/uploads\/2025\/04\/webinar-18x12.png 18w\" sizes=\"auto, (max-width: 1350px) 100vw, 1350px\" \/>\n          <\/div>\n        <\/div>\n      <\/div>\n    <\/div>\n<div class=\"wpb_text_column wpb_content_element\" >\n\t<div class=\"wpb_wrapper\">\n\t\t<p><strong data-start=\"232\" data-end=\"271\">Nehmen Sie am Search AI-Webinar teil<\/strong><\/p>\n<ul>\n<li>Online \u00fcber Microsoft Teams.<\/li>\n<li>Die Teilnahme ist nach Anmeldung kostenlos.<\/li>\n<li>Den Link und die Zugangshinweise erhalten Sie nach der Anmeldung per E-Mail.<\/li>\n<\/ul>\n\t<\/div>\n<\/div>\n\n\n\n<div class=\"img-with-aniamtion-wrap\" data-max-width=\"100%\" data-max-width-mobile=\"100%\" data-shadow=\"none\" data-animation=\"none\" >\n      <div class=\"inner\">\n        <div class=\"hover-wrap\"> \n          <div class=\"hover-wrap-inner\">\n            <img loading=\"lazy\" decoding=\"async\" class=\"img-with-animation skip-lazy\" data-delay=\"0\" height=\"69\" width=\"200\" data-animation=\"none\" src=\"https:\/\/puurdata.nl\/wp-content\/uploads\/2023\/11\/Elasticsearch.png\" alt=\"\" srcset=\"https:\/\/puurdata.nl\/wp-content\/uploads\/2023\/11\/Elasticsearch.png 200w, https:\/\/puurdata.nl\/wp-content\/uploads\/2023\/11\/Elasticsearch-18x6.png 18w\" sizes=\"auto, (max-width: 200px) 100vw, 200px\" \/>\n          <\/div>\n        <\/div>\n      <\/div>\n    <\/div>\n\t\t\t<\/div> \n\t\t<\/div>\n\t<\/div> \n<\/div><\/div>","protected":false},"excerpt":{"rendered":"Het Search AI-webinar, powered by Elastic &amp; PuurData Ontdek de toekomst van slimme zoekoplossingen Haal m\u00e9\u00e9r uit je data met Search AI Ontdek hoe je zoekfunctionaliteit slimmer, sneller en effici\u00ebnter...","protected":false},"author":5,"featured_media":0,"parent":0,"menu_order":0,"comment_status":"closed","ping_status":"closed","template":"","meta":{"content-type":"","footnotes":""},"class_list":["post-2896","page","type-page","status-publish"],"yoast_head":"<!-- This site is optimized with the Yoast SEO plugin v27.3 - https:\/\/yoast.com\/product\/yoast-seo-wordpress\/ -->\n<title>Search AI Webinar - PuurData<\/title>\n<meta name=\"description\" content=\"Heeft u vragen, of wilt u graag meer informatie over \u00e9\u00e9n van de producten van PuurData? Neem dan contact met ons op.\" \/>\n<meta name=\"robots\" content=\"index, follow, max-snippet:-1, max-image-preview:large, max-video-preview:-1\" \/>\n<link rel=\"canonical\" href=\"https:\/\/puurdata.nl\/de\/webinar-zum-thema-such-ki\/\" \/>\n<meta name=\"twitter:label1\" content=\"Gesch\u00e4tzte Lesezeit\" \/>\n\t<meta name=\"twitter:data1\" content=\"3\u00a0Minuten\" \/>\n<script type=\"application\/ld+json\" class=\"yoast-schema-graph\">{\"@context\":\"https:\\\/\\\/schema.org\",\"@graph\":[{\"@type\":\"WebPage\",\"@id\":\"https:\\\/\\\/puurdata.nl\\\/search-ai-webinar\\\/\",\"url\":\"https:\\\/\\\/puurdata.nl\\\/search-ai-webinar\\\/\",\"name\":\"Search AI Webinar - PuurData\",\"isPartOf\":{\"@id\":\"https:\\\/\\\/puurdata.nl\\\/#website\"},\"datePublished\":\"2025-04-28T12:36:04+00:00\",\"dateModified\":\"2025-04-29T08:09:12+00:00\",\"description\":\"Heeft u vragen, of wilt u graag meer informatie over \u00e9\u00e9n van de producten van PuurData? Neem dan contact met ons op.\",\"breadcrumb\":{\"@id\":\"https:\\\/\\\/puurdata.nl\\\/search-ai-webinar\\\/#breadcrumb\"},\"inLanguage\":\"de\",\"potentialAction\":[{\"@type\":\"ReadAction\",\"target\":[\"https:\\\/\\\/puurdata.nl\\\/search-ai-webinar\\\/\"]}]},{\"@type\":\"BreadcrumbList\",\"@id\":\"https:\\\/\\\/puurdata.nl\\\/search-ai-webinar\\\/#breadcrumb\",\"itemListElement\":[{\"@type\":\"ListItem\",\"position\":1,\"name\":\"Home\",\"item\":\"https:\\\/\\\/puurdata.nl\\\/\"},{\"@type\":\"ListItem\",\"position\":2,\"name\":\"Search AI Webinar\"}]},{\"@type\":\"WebSite\",\"@id\":\"https:\\\/\\\/puurdata.nl\\\/#website\",\"url\":\"https:\\\/\\\/puurdata.nl\\\/\",\"name\":\"PuurData\",\"description\":\"PuurData\",\"potentialAction\":[{\"@type\":\"SearchAction\",\"target\":{\"@type\":\"EntryPoint\",\"urlTemplate\":\"https:\\\/\\\/puurdata.nl\\\/?s={search_term_string}\"},\"query-input\":{\"@type\":\"PropertyValueSpecification\",\"valueRequired\":true,\"valueName\":\"search_term_string\"}}],\"inLanguage\":\"de\"}]}<\/script>\n<!-- \/ Yoast SEO plugin. -->","yoast_head_json":{"title":"Webinar zu Suchmaschinen-KI \u2013 PuurData","description":"Haben Sie Fragen oder w\u00fcnschen Sie weitere Informationen zu den Produkten von PuurData? Bitte kontaktieren Sie uns.","robots":{"index":"index","follow":"follow","max-snippet":"max-snippet:-1","max-image-preview":"max-image-preview:large","max-video-preview":"max-video-preview:-1"},"canonical":"https:\/\/puurdata.nl\/de\/webinar-zum-thema-such-ki\/","twitter_misc":{"Gesch\u00e4tzte Lesezeit":"3\u00a0Minuten"},"schema":{"@context":"https:\/\/schema.org","@graph":[{"@type":"WebPage","@id":"https:\/\/puurdata.nl\/search-ai-webinar\/","url":"https:\/\/puurdata.nl\/search-ai-webinar\/","name":"Webinar zu Suchmaschinen-KI \u2013 PuurData","isPartOf":{"@id":"https:\/\/puurdata.nl\/#website"},"datePublished":"2025-04-28T12:36:04+00:00","dateModified":"2025-04-29T08:09:12+00:00","description":"Haben Sie Fragen oder w\u00fcnschen Sie weitere Informationen zu den Produkten von PuurData? Bitte kontaktieren Sie uns.","breadcrumb":{"@id":"https:\/\/puurdata.nl\/search-ai-webinar\/#breadcrumb"},"inLanguage":"de","potentialAction":[{"@type":"ReadAction","target":["https:\/\/puurdata.nl\/search-ai-webinar\/"]}]},{"@type":"BreadcrumbList","@id":"https:\/\/puurdata.nl\/search-ai-webinar\/#breadcrumb","itemListElement":[{"@type":"ListItem","position":1,"name":"Home","item":"https:\/\/puurdata.nl\/"},{"@type":"ListItem","position":2,"name":"Search AI Webinar"}]},{"@type":"WebSite","@id":"https:\/\/puurdata.nl\/#website","url":"https:\/\/puurdata.nl\/","name":"PuurData","description":"PuurData","potentialAction":[{"@type":"SearchAction","target":{"@type":"EntryPoint","urlTemplate":"https:\/\/puurdata.nl\/?s={search_term_string}"},"query-input":{"@type":"PropertyValueSpecification","valueRequired":true,"valueName":"search_term_string"}}],"inLanguage":"de"}]}},"_links":{"self":[{"href":"https:\/\/puurdata.nl\/de\/wp-json\/wp\/v2\/pages\/2896","targetHints":{"allow":["GET"]}}],"collection":[{"href":"https:\/\/puurdata.nl\/de\/wp-json\/wp\/v2\/pages"}],"about":[{"href":"https:\/\/puurdata.nl\/de\/wp-json\/wp\/v2\/types\/page"}],"author":[{"embeddable":true,"href":"https:\/\/puurdata.nl\/de\/wp-json\/wp\/v2\/users\/5"}],"replies":[{"embeddable":true,"href":"https:\/\/puurdata.nl\/de\/wp-json\/wp\/v2\/comments?post=2896"}],"version-history":[{"count":9,"href":"https:\/\/puurdata.nl\/de\/wp-json\/wp\/v2\/pages\/2896\/revisions"}],"predecessor-version":[{"id":2910,"href":"https:\/\/puurdata.nl\/de\/wp-json\/wp\/v2\/pages\/2896\/revisions\/2910"}],"wp:attachment":[{"href":"https:\/\/puurdata.nl\/de\/wp-json\/wp\/v2\/media?parent=2896"}],"curies":[{"name":"wp","href":"https:\/\/api.w.org\/{rel}","templated":true}]}}