{"id":3152,"date":"2025-07-01T13:26:30","date_gmt":"2025-07-01T11:26:30","guid":{"rendered":"https:\/\/staging.puurdata.nl\/?page_id=3152"},"modified":"2025-10-23T13:50:04","modified_gmt":"2025-10-23T11:50:04","slug":"unsere-vision","status":"publish","type":"page","link":"https:\/\/puurdata.nl\/de\/onze-visie\/","title":{"rendered":"Unsere Vision"},"content":{"rendered":"<div id=\"fws_69e1a25b75d8d\"  data-column-margin=\"default\" data-midnight=\"dark\"  class=\"wpb_row vc_row-fluid vc_row full-width-section\"  style=\"padding-top: 0px; padding-bottom: 0px; \"><div class=\"row-bg-wrap\" data-bg-animation=\"none\" data-bg-animation-delay=\"\" data-bg-overlay=\"false\"><div class=\"inner-wrap row-bg-layer using-image\" ><div class=\"row-bg viewport-desktop using-image\"  style=\"background-image: url(https:\/\/puurdata.nl\/wp-content\/uploads\/2019\/07\/header.png); background-position: center bottom; background-repeat: no-repeat; \"><\/div><\/div><\/div><div class=\"row_col_wrap_12 col span_12 dark left\">\n\t<div  class=\"vc_col-sm-12 wpb_column column_container vc_column_container col no-extra-padding inherit_tablet inherit_phone\"  data-padding-pos=\"all\" data-has-bg-color=\"false\" data-bg-color=\"\" data-bg-opacity=\"1\" data-animation=\"\" data-delay=\"0\" >\n\t\t<div class=\"vc_column-inner\" >\n\t\t\t<div class=\"wpb_wrapper\">\n\t\t\t\t<div id=\"fws_69e1a25b76460\" data-midnight=\"\" data-column-margin=\"default\" class=\"wpb_row vc_row-fluid vc_row inner_row vc_row-o-equal-height vc_row-flex vc_row-o-content-middle\"  style=\"padding-top: 10%; padding-bottom: 20%; \"><div class=\"row-bg-wrap\"> <div class=\"row-bg\" ><\/div> <\/div><div class=\"row_col_wrap_12_inner col span_12  left\">\n\t<div  class=\"vc_col-sm-8 wpb_column column_container vc_column_container col child_column padding-2-percent inherit_tablet inherit_phone\"   data-padding-pos=\"right\" data-has-bg-color=\"false\" data-bg-color=\"\" data-bg-opacity=\"1\" data-animation=\"\" data-delay=\"0\" >\n\t\t<div class=\"vc_column-inner\" >\n\t\t<div class=\"wpb_wrapper\">\n\t\t\t<h1 style=\"text-align: left\" class=\"vc_custom_heading vc_do_custom_heading headerText\" >Unsere Vision<\/h1>\n<div class=\"wpb_text_column wpb_content_element  headerText\" >\n\t<div class=\"wpb_wrapper\">\n\t\t<h4><em>\u201eDaten werden erst dann wertvoll, wenn sie zu Erkenntnissen, Ma\u00dfnahmen und Ergebnissen f\u00fchren.\u201c<\/em><\/h4>\n\t<\/div>\n<\/div>\n\n\n\n\n\t\t<\/div> \n\t<\/div>\n\t<\/div> \n\n\t<div  class=\"vc_col-sm-4 wpb_column column_container vc_column_container col child_column padding-2-percent inherit_tablet inherit_phone\"   data-padding-pos=\"left\" data-has-bg-color=\"false\" data-bg-color=\"\" data-bg-opacity=\"1\" data-animation=\"\" data-delay=\"0\" >\n\t\t<div class=\"vc_column-inner\" >\n\t\t<div class=\"wpb_wrapper\">\n\t\t\t\n\t\t<\/div> \n\t<\/div>\n\t<\/div> \n<\/div><\/div>\n\t\t\t<\/div> \n\t\t<\/div>\n\t<\/div> \n<\/div><\/div>\n\t\t<div id=\"fws_69e1a25b770b6\"  data-column-margin=\"default\" data-midnight=\"dark\"  class=\"wpb_row vc_row-fluid vc_row\"  style=\"padding-top: 100px; padding-bottom: 100px; \"><div class=\"row-bg-wrap\" data-bg-animation=\"none\" data-bg-animation-delay=\"\" data-bg-overlay=\"false\"><div class=\"inner-wrap row-bg-layer\" ><div class=\"row-bg viewport-desktop\"  style=\"\"><\/div><\/div><\/div><div class=\"row_col_wrap_12 col span_12 dark left\">\n\t<div  class=\"vc_col-sm-8 wpb_column column_container vc_column_container col no-extra-padding inherit_tablet inherit_phone\"  data-padding-pos=\"all\" data-has-bg-color=\"false\" data-bg-color=\"\" data-bg-opacity=\"1\" data-animation=\"\" data-delay=\"0\" >\n\t\t<div class=\"vc_column-inner\" >\n\t\t\t<div class=\"wpb_wrapper\">\n\t\t\t\t\n<div class=\"wpb_text_column wpb_content_element\" >\n\t<div class=\"wpb_wrapper\">\n\t\t<h3>Daten als Motor des Fortschritts<\/h3>\n<p>Wir bei PuurData sind \u00fcberzeugt, dass Daten der Schl\u00fcssel zu Innovation und Wachstum sind. Seit unserer Gr\u00fcndung 2013 unterst\u00fctzen wir Unternehmen dabei, das Beste aus ihren Daten herauszuholen. Ob es darum geht, Entscheidungen zu verbessern, Prozesse zu optimieren oder neue M\u00f6glichkeiten zu schaffen \u2013 Daten stehen im Mittelpunkt unseres Handelns.<\/p>\n<h3>Von der Komplexit\u00e4t zur Klarheit<\/h3>\n<p>Die Datenmenge in Unternehmen w\u00e4chst exponentiell. Wir unterst\u00fctzen unsere Kunden dabei, diese Komplexit\u00e4t zu bew\u00e4ltigen und sie in umsetzbare Erkenntnisse umzuwandeln. Mit leistungsstarken Technologien wie Elastic Search und generativer KI machen wir Daten f\u00fcr alle im Unternehmen zug\u00e4nglich, verst\u00e4ndlich und nutzbar.<\/p>\n<h3>Gemeinsam nachhaltige L\u00f6sungen entwickeln<\/h3>\n<p>Wir setzen auf Zusammenarbeit und individuelle Anpassung. Unsere Experten arbeiten eng mit unseren Kunden zusammen, um L\u00f6sungen zu entwickeln, die deren spezifische Bed\u00fcrfnisse und Ziele optimal erf\u00fcllen. Durch langfristige Beziehungen und kontinuierliche Verbesserung stellen wir sicher, dass unsere L\u00f6sungen nicht nur heute, sondern auch morgen noch Mehrwert bieten.<\/p>\n<h3>Unsere Mission<\/h3>\n<p>Wir helfen Unternehmen, den Mehrwert ihrer Daten zu steigern \u2013 intelligent, sicher und verst\u00e4ndlich. Wir sind \u00fcberzeugt, dass Technologie nur dann wirklich funktioniert, wenn sie praktisch relevant ist. Deshalb entwickeln wir L\u00f6sungen, die genau das tun, was sie sollen: Einblicke liefern, Prozesse beschleunigen und Risiken minimieren.<\/p>\n<p><strong>Neugierig, was wir f\u00fcr Ihr Unternehmen tun k\u00f6nnen?<\/strong><br \/>\nF\u00fchlen Sie sich frei, <a href=\"https:\/\/puurdata.nl\/de\/kontakt\/\">Kontakt<\/a> Kontaktieren Sie uns, wir denken gerne mit Ihnen mit.<\/p>\n\t<\/div>\n<\/div>\n\n\n\n\n\t\t\t<\/div> \n\t\t<\/div>\n\t<\/div> \n\n\t<div  class=\"vc_col-sm-4 wpb_column column_container vc_column_container col no-extra-padding inherit_tablet inherit_phone\"  data-padding-pos=\"all\" data-has-bg-color=\"false\" data-bg-color=\"\" data-bg-opacity=\"1\" data-animation=\"\" data-delay=\"0\" >\n\t\t<div class=\"vc_column-inner\" >\n\t\t\t<div class=\"wpb_wrapper\">\n\t\t\t\t<h4 style=\"color: #e9812e;text-align: left;font-family:Abril Fatface;font-weight:400;font-style:normal\" class=\"vc_custom_heading vc_do_custom_heading\" >Neuesten Nachrichten<\/h4>\n    <div class=\"row blog-recent columns-1\" data-style=\"classic_enhanced\" data-color-scheme=\"light\" data-remove-post-date=\"1\" data-remove-post-author=\"1\" data-remove-post-comment-number=\"1\" data-remove-post-nectar-love=\"1\">\n\n      \n      <div class=\"col span_12 post-3941 post type-post status-publish format-standard has-post-thumbnail category-headlines tag-ai tag-monitoring tag-observability tag-search-ai tag-soc\" >\n\n        \n            <div class=\"inner-wrap post-3941 post type-post status-publish format-standard has-post-thumbnail category-headlines tag-ai tag-monitoring tag-observability tag-search-ai tag-soc\">\n\n            <a href=\"https:\/\/puurdata.nl\/de\/samen-verder-bouwen-aan-slimme-en-betrouwbare-data-oplossingen\/\"  class=\"img-link\"><span class=\"post-featured-img\"><img loading=\"lazy\" decoding=\"async\" width=\"600\" height=\"403\" src=\"https:\/\/puurdata.nl\/wp-content\/uploads\/2025\/12\/shutterstock_788626381-600x403.jpg\" class=\"attachment-portfolio-thumb size-portfolio-thumb wp-post-image\" alt=\"\" title=\"\" sizes=\"auto, (min-width: 1000px) 100vw, (min-width: 690px) 100vw, 100vw\" srcset=\"https:\/\/puurdata.nl\/wp-content\/uploads\/2025\/12\/shutterstock_788626381-600x403.jpg 600w, https:\/\/puurdata.nl\/wp-content\/uploads\/2025\/12\/shutterstock_788626381-18x12.jpg 18w, https:\/\/puurdata.nl\/wp-content\/uploads\/2025\/12\/shutterstock_788626381-900x604.jpg 900w, https:\/\/puurdata.nl\/wp-content\/uploads\/2025\/12\/shutterstock_788626381-400x269.jpg 400w\" \/><\/span><\/a><span class=\"meta-category\"><a class=\"headlines\" href=\"https:\/\/puurdata.nl\/de\/category\/headlines\/\">Schlagzeilen<\/a><\/span><a class=\"entire-meta-link\" href=\"https:\/\/puurdata.nl\/de\/samen-verder-bouwen-aan-slimme-en-betrouwbare-data-oplossingen\/\" ><span class=\"screen-reader-text\">Gemeinsam intelligente und zuverl\u00e4ssige Datenl\u00f6sungen entwickeln<\/span><\/a>\n            <div class=\"article-content-wrap\">\n              <div class=\"post-header\">\n                <span class=\"meta\"> 09\/12\/2025 <\/span>\n                <h3 class=\"title\">Gemeinsam intelligente und zuverl\u00e4ssige Datenl\u00f6sungen entwickeln<\/h3>\n              <\/div><!--\/post-header-->\n              <div class=\"excerpt\">\n                Das Jahr 2025 brachte neue Fortschritte in den Bereichen KI-gest\u00fctzte Suche, Sicherheit, Beobachtbarkeit und Datenintegration. In diesem Artikel blicken wir auf die wichtigsten Entwicklungen zur\u00fcck und werfen einen Ausblick auf das Jahr 2026.              <\/div>\n            <\/div>\n\n            <div class=\"post-meta\">\n              <span class=\"meta-author\"> <a href=\"https:\/\/puurdata.nl\/de\/author\/astegpuurdata-nl\/\"> <i class=\"icon-default-style icon-salient-m-user\"><\/i> Alex Steg<\/a> <\/span>\n\n              \n              <div class=\"nectar-love-wrap\">\n                <a href=\"#\" class=\"nectar-love\" id=\"nectar-love-3941\" title=\"liebe das\"> <i class=\"icon-salient-heart-2\"><\/i><span class=\"love-text\">Liebe<\/span><span class=\"total_loves\"><span class=\"nectar-love-count\">9<\/span><\/span><\/a>              <\/div><!--\/nectar-love-wrap-->\n            <\/div>\n\n          <\/div>\n\n        \n      <\/div><!--\/col-->\n\n      \n    <\/div><!--\/blog-recent-->\n\n  \n\t\t\t<\/div> \n\t\t<\/div>\n\t<\/div> \n<\/div><\/div>","protected":false},"excerpt":{"rendered":"Terugblik 2025 Samen verder bouwen aan slimme en betrouwbare data-oplossingen 2025 was voor veel organisaties een jaar waarin datagedreven werken verder volwassen werd. We zagen een duidelijke beweging naar eenvoud,...","protected":false},"author":5,"featured_media":0,"parent":0,"menu_order":0,"comment_status":"closed","ping_status":"closed","template":"","meta":{"content-type":"","footnotes":""},"class_list":["post-3152","page","type-page","status-publish"],"yoast_head":"<!-- This site is optimized with the Yoast SEO plugin v27.3 - https:\/\/yoast.com\/product\/yoast-seo-wordpress\/ -->\n<title>Onze visie - PuurData<\/title>\n<meta name=\"description\" content=\"Bij PuurData geloven we dat data de sleutel is tot innovatie en groei. We helpen organisaties om het maximale uit hun data te halen.\" \/>\n<meta name=\"robots\" content=\"index, follow, max-snippet:-1, max-image-preview:large, max-video-preview:-1\" \/>\n<link rel=\"canonical\" href=\"https:\/\/puurdata.nl\/de\/unsere-vision\/\" \/>\n<meta name=\"twitter:label1\" content=\"Gesch\u00e4tzte Lesezeit\" \/>\n\t<meta name=\"twitter:data1\" content=\"2\u00a0Minuten\" \/>\n<script type=\"application\/ld+json\" class=\"yoast-schema-graph\">{\"@context\":\"https:\\\/\\\/schema.org\",\"@graph\":[{\"@type\":\"WebPage\",\"@id\":\"https:\\\/\\\/puurdata.nl\\\/onze-visie\\\/\",\"url\":\"https:\\\/\\\/puurdata.nl\\\/onze-visie\\\/\",\"name\":\"Onze visie - PuurData\",\"isPartOf\":{\"@id\":\"https:\\\/\\\/puurdata.nl\\\/#website\"},\"datePublished\":\"2025-07-01T11:26:30+00:00\",\"dateModified\":\"2025-10-23T11:50:04+00:00\",\"description\":\"Bij PuurData geloven we dat data de sleutel is tot innovatie en groei. We helpen organisaties om het maximale uit hun data te halen.\",\"breadcrumb\":{\"@id\":\"https:\\\/\\\/puurdata.nl\\\/onze-visie\\\/#breadcrumb\"},\"inLanguage\":\"de\",\"potentialAction\":[{\"@type\":\"ReadAction\",\"target\":[\"https:\\\/\\\/puurdata.nl\\\/onze-visie\\\/\"]}]},{\"@type\":\"BreadcrumbList\",\"@id\":\"https:\\\/\\\/puurdata.nl\\\/onze-visie\\\/#breadcrumb\",\"itemListElement\":[{\"@type\":\"ListItem\",\"position\":1,\"name\":\"Home\",\"item\":\"https:\\\/\\\/puurdata.nl\\\/\"},{\"@type\":\"ListItem\",\"position\":2,\"name\":\"Onze visie\"}]},{\"@type\":\"WebSite\",\"@id\":\"https:\\\/\\\/puurdata.nl\\\/#website\",\"url\":\"https:\\\/\\\/puurdata.nl\\\/\",\"name\":\"PuurData\",\"description\":\"PuurData\",\"potentialAction\":[{\"@type\":\"SearchAction\",\"target\":{\"@type\":\"EntryPoint\",\"urlTemplate\":\"https:\\\/\\\/puurdata.nl\\\/?s={search_term_string}\"},\"query-input\":{\"@type\":\"PropertyValueSpecification\",\"valueRequired\":true,\"valueName\":\"search_term_string\"}}],\"inLanguage\":\"de\"}]}<\/script>\n<!-- \/ Yoast SEO plugin. -->","yoast_head_json":{"title":"Unsere Vision \u2013 PuurData","description":"Wir bei PuurData sind \u00fcberzeugt, dass Daten der Schl\u00fcssel zu Innovation und Wachstum sind. Wir helfen Unternehmen, das volle Potenzial ihrer Daten auszusch\u00f6pfen.","robots":{"index":"index","follow":"follow","max-snippet":"max-snippet:-1","max-image-preview":"max-image-preview:large","max-video-preview":"max-video-preview:-1"},"canonical":"https:\/\/puurdata.nl\/de\/unsere-vision\/","twitter_misc":{"Gesch\u00e4tzte Lesezeit":"2\u00a0Minuten"},"schema":{"@context":"https:\/\/schema.org","@graph":[{"@type":"WebPage","@id":"https:\/\/puurdata.nl\/onze-visie\/","url":"https:\/\/puurdata.nl\/onze-visie\/","name":"Unsere Vision \u2013 PuurData","isPartOf":{"@id":"https:\/\/puurdata.nl\/#website"},"datePublished":"2025-07-01T11:26:30+00:00","dateModified":"2025-10-23T11:50:04+00:00","description":"Wir bei PuurData sind \u00fcberzeugt, dass Daten der Schl\u00fcssel zu Innovation und Wachstum sind. Wir helfen Unternehmen, das volle Potenzial ihrer Daten auszusch\u00f6pfen.","breadcrumb":{"@id":"https:\/\/puurdata.nl\/onze-visie\/#breadcrumb"},"inLanguage":"de","potentialAction":[{"@type":"ReadAction","target":["https:\/\/puurdata.nl\/onze-visie\/"]}]},{"@type":"BreadcrumbList","@id":"https:\/\/puurdata.nl\/onze-visie\/#breadcrumb","itemListElement":[{"@type":"ListItem","position":1,"name":"Home","item":"https:\/\/puurdata.nl\/"},{"@type":"ListItem","position":2,"name":"Onze visie"}]},{"@type":"WebSite","@id":"https:\/\/puurdata.nl\/#website","url":"https:\/\/puurdata.nl\/","name":"PuurData","description":"PuurData","potentialAction":[{"@type":"SearchAction","target":{"@type":"EntryPoint","urlTemplate":"https:\/\/puurdata.nl\/?s={search_term_string}"},"query-input":{"@type":"PropertyValueSpecification","valueRequired":true,"valueName":"search_term_string"}}],"inLanguage":"de"}]}},"_links":{"self":[{"href":"https:\/\/puurdata.nl\/de\/wp-json\/wp\/v2\/pages\/3152","targetHints":{"allow":["GET"]}}],"collection":[{"href":"https:\/\/puurdata.nl\/de\/wp-json\/wp\/v2\/pages"}],"about":[{"href":"https:\/\/puurdata.nl\/de\/wp-json\/wp\/v2\/types\/page"}],"author":[{"embeddable":true,"href":"https:\/\/puurdata.nl\/de\/wp-json\/wp\/v2\/users\/5"}],"replies":[{"embeddable":true,"href":"https:\/\/puurdata.nl\/de\/wp-json\/wp\/v2\/comments?post=3152"}],"version-history":[{"count":5,"href":"https:\/\/puurdata.nl\/de\/wp-json\/wp\/v2\/pages\/3152\/revisions"}],"predecessor-version":[{"id":3788,"href":"https:\/\/puurdata.nl\/de\/wp-json\/wp\/v2\/pages\/3152\/revisions\/3788"}],"wp:attachment":[{"href":"https:\/\/puurdata.nl\/de\/wp-json\/wp\/v2\/media?parent=3152"}],"curies":[{"name":"wp","href":"https:\/\/api.w.org\/{rel}","templated":true}]}}