{"id":3254,"date":"2025-07-03T10:25:03","date_gmt":"2025-07-03T08:25:03","guid":{"rendered":"https:\/\/staging.puurdata.nl\/?page_id=3254"},"modified":"2025-10-23T13:27:46","modified_gmt":"2025-10-23T11:27:46","slug":"datenintegrationslosungen","status":"publish","type":"page","link":"https:\/\/puurdata.nl\/de\/integration-automation\/data-integration-solutions\/","title":{"rendered":"Datenintegrationsl\u00f6sungen"},"content":{"rendered":"<div id=\"fws_69df7ca7b7dbb\"  data-column-margin=\"default\" data-midnight=\"dark\"  class=\"wpb_row vc_row-fluid vc_row full-width-section headerBox\"  style=\"padding-top: 0px; padding-bottom: 0px; \"><div class=\"row-bg-wrap\" data-bg-animation=\"none\" data-bg-animation-delay=\"\" data-bg-overlay=\"false\"><div class=\"inner-wrap row-bg-layer using-image\" ><div class=\"row-bg viewport-desktop using-image using-bg-color\"  style=\"background-image: url(https:\/\/puurdata.nl\/wp-content\/uploads\/2019\/07\/header.png); background-position: center bottom; background-repeat: no-repeat; background-color: #ffffff; \"><\/div><\/div><\/div><div class=\"row_col_wrap_12 col span_12 dark left\">\n\t<div  class=\"vc_col-sm-12 wpb_column column_container vc_column_container col no-extra-padding inherit_tablet inherit_phone\"  data-padding-pos=\"all\" data-has-bg-color=\"false\" data-bg-color=\"\" data-bg-opacity=\"1\" data-animation=\"\" data-delay=\"0\" >\n\t\t<div class=\"vc_column-inner\" >\n\t\t\t<div class=\"wpb_wrapper\">\n\t\t\t\t<div id=\"fws_69df7ca7b8981\" data-midnight=\"\" data-column-margin=\"default\" class=\"wpb_row vc_row-fluid vc_row inner_row vc_row-o-equal-height vc_row-flex vc_row-o-content-middle\"  style=\"padding-top: 10%; padding-bottom: 20%; \"><div class=\"row-bg-wrap\"> <div class=\"row-bg\" ><\/div> <\/div><div class=\"row_col_wrap_12_inner col span_12  left\">\n\t<div  class=\"vc_col-sm-8 wpb_column column_container vc_column_container col child_column padding-2-percent inherit_tablet inherit_phone\"   data-padding-pos=\"right\" data-has-bg-color=\"false\" data-bg-color=\"\" data-bg-opacity=\"1\" data-animation=\"\" data-delay=\"0\" >\n\t\t<div class=\"vc_column-inner\" >\n\t\t<div class=\"wpb_wrapper\">\n\t\t\t<h1 style=\"text-align: left\" class=\"vc_custom_heading vc_do_custom_heading headerText\" >Datenintegrationsl\u00f6sungen<\/h1>\n<div class=\"wpb_text_column wpb_content_element  headerText\" >\n\t<div class=\"wpb_wrapper\">\n\t\t<h4>Ein Datenstrom, weniger Rauschen<\/h4>\n\t<\/div>\n<\/div>\n\n\n\n\n\t\t<\/div> \n\t<\/div>\n\t<\/div> \n\n\t<div  class=\"vc_col-sm-4 wpb_column column_container vc_column_container col child_column padding-2-percent inherit_tablet inherit_phone\"   data-padding-pos=\"left\" data-has-bg-color=\"false\" data-bg-color=\"\" data-bg-opacity=\"1\" data-animation=\"\" data-delay=\"0\" >\n\t\t<div class=\"vc_column-inner\" >\n\t\t<div class=\"wpb_wrapper\">\n\t\t\t\n\t\t<\/div> \n\t<\/div>\n\t<\/div> \n<\/div><\/div>\n\t\t\t<\/div> \n\t\t<\/div>\n\t<\/div> \n<\/div><\/div>\n\t\t<div id=\"fws_69df7ca7ba26f\"  data-column-margin=\"default\" data-midnight=\"dark\"  class=\"wpb_row vc_row-fluid vc_row full-width-section\"  style=\"padding-top: 100px; padding-bottom: 50px; \"><div class=\"row-bg-wrap\" data-bg-animation=\"none\" data-bg-animation-delay=\"\" data-bg-overlay=\"false\"><div class=\"inner-wrap row-bg-layer\" ><div class=\"row-bg viewport-desktop using-bg-color\"  style=\"background-color: #ffffff; \"><\/div><\/div><\/div><div class=\"row_col_wrap_12 col span_12 dark left\">\n\t<div  class=\"vc_col-sm-12 wpb_column column_container vc_column_container col no-extra-padding inherit_tablet inherit_phone\"  data-padding-pos=\"all\" data-has-bg-color=\"false\" data-bg-color=\"\" data-bg-opacity=\"1\" data-animation=\"\" data-delay=\"0\" >\n\t\t<div class=\"vc_column-inner\" >\n\t\t\t<div class=\"wpb_wrapper\">\n\t\t\t\t<div id=\"fws_69df7ca7baac8\" data-midnight=\"\" data-column-margin=\"default\" class=\"wpb_row vc_row-fluid vc_row inner_row vc_row-o-equal-height vc_row-flex vc_row-o-content-middle\"  style=\"\"><div class=\"row-bg-wrap\"> <div class=\"row-bg\" ><\/div> <\/div><div class=\"row_col_wrap_12_inner col span_12  left\">\n\t<div  class=\"vc_col-sm-6 wpb_column column_container vc_column_container col child_column padding-2-percent inherit_tablet inherit_phone\"   data-padding-pos=\"right\" data-has-bg-color=\"false\" data-bg-color=\"\" data-bg-opacity=\"1\" data-animation=\"\" data-delay=\"0\" >\n\t\t<div class=\"vc_column-inner\" >\n\t\t<div class=\"wpb_wrapper\">\n\t\t\t<div class=\"img-with-aniamtion-wrap center\" data-max-width=\"75%\" data-max-width-mobile=\"default\" data-shadow=\"none\" data-animation=\"fade-in\" >\n      <div class=\"inner\">\n        <div class=\"hover-wrap\"> \n          <div class=\"hover-wrap-inner\">\n            <img loading=\"lazy\" decoding=\"async\" class=\"img-with-animation skip-lazy\" data-delay=\"0\" height=\"756\" width=\"756\" data-animation=\"fade-in\" src=\"https:\/\/puurdata.nl\/wp-content\/uploads\/2025\/10\/Puur-Data_iconen__Data-Integration-Solutions.png\" alt=\"\" srcset=\"https:\/\/puurdata.nl\/wp-content\/uploads\/2025\/10\/Puur-Data_iconen__Data-Integration-Solutions.png 756w, https:\/\/puurdata.nl\/wp-content\/uploads\/2025\/10\/Puur-Data_iconen__Data-Integration-Solutions-300x300.png 300w, https:\/\/puurdata.nl\/wp-content\/uploads\/2025\/10\/Puur-Data_iconen__Data-Integration-Solutions-150x150.png 150w, https:\/\/puurdata.nl\/wp-content\/uploads\/2025\/10\/Puur-Data_iconen__Data-Integration-Solutions-12x12.png 12w, https:\/\/puurdata.nl\/wp-content\/uploads\/2025\/10\/Puur-Data_iconen__Data-Integration-Solutions-140x140.png 140w, https:\/\/puurdata.nl\/wp-content\/uploads\/2025\/10\/Puur-Data_iconen__Data-Integration-Solutions-100x100.png 100w, https:\/\/puurdata.nl\/wp-content\/uploads\/2025\/10\/Puur-Data_iconen__Data-Integration-Solutions-500x500.png 500w, https:\/\/puurdata.nl\/wp-content\/uploads\/2025\/10\/Puur-Data_iconen__Data-Integration-Solutions-350x350.png 350w\" sizes=\"auto, (max-width: 756px) 100vw, 756px\" \/>\n          <\/div>\n        <\/div>\n      <\/div>\n    <\/div>\n\t\t<\/div> \n\t<\/div>\n\t<\/div> \n\n\t<div  class=\"vc_col-sm-6 wpb_column column_container vc_column_container col child_column padding-2-percent inherit_tablet inherit_phone\"   data-padding-pos=\"left\" data-has-bg-color=\"false\" data-bg-color=\"\" data-bg-opacity=\"1\" data-animation=\"\" data-delay=\"0\" >\n\t\t<div class=\"vc_column-inner\" >\n\t\t<div class=\"wpb_wrapper\">\n\t\t\t<h3 style=\"text-align: left;font-family:Abril Fatface;font-weight:400;font-style:normal\" class=\"vc_custom_heading vc_do_custom_heading\" >Systeme verbinden, Informationen b\u00fcndeln<\/h3>\n<div class=\"wpb_text_column wpb_content_element\" >\n\t<div class=\"wpb_wrapper\">\n\t\t<p>Fragmentierte Daten verlangsamen Prozesse und erschweren den Einblick. Mit intelligenten Datenintegrationen stellen wir sicher, dass Ihre Systeme zusammenarbeiten. Wir verbinden Datenquellen und Anwendungen \u00fcber Middleware, APIs oder Streaming-Pipelines und stellen Daten dort bereit, wo Sie sie ben\u00f6tigen \u2013 in der Cloud oder vor Ort.<\/p>\n\t<\/div>\n<\/div>\n\n\n\n\n\t\t<\/div> \n\t<\/div>\n\t<\/div> \n<\/div><\/div>\n\t\t\t<\/div> \n\t\t<\/div>\n\t<\/div> \n<\/div><\/div>\n\t\t<div id=\"fws_69df7ca7bc836\"  data-column-margin=\"default\" data-midnight=\"dark\"  class=\"wpb_row vc_row-fluid vc_row full-width-section\"  style=\"padding-top: 50px; padding-bottom: 100px; \"><div class=\"row-bg-wrap\" data-bg-animation=\"none\" data-bg-animation-delay=\"\" data-bg-overlay=\"false\"><div class=\"inner-wrap row-bg-layer\" ><div class=\"row-bg viewport-desktop using-bg-color\"  style=\"background-color: #ffffff; \"><\/div><\/div><\/div><div class=\"row_col_wrap_12 col span_12 dark left\">\n\t<div  class=\"vc_col-sm-12 wpb_column column_container vc_column_container col no-extra-padding inherit_tablet inherit_phone\"  data-padding-pos=\"all\" data-has-bg-color=\"false\" data-bg-color=\"\" data-bg-opacity=\"1\" data-animation=\"\" data-delay=\"0\" >\n\t\t<div class=\"vc_column-inner\" >\n\t\t\t<div class=\"wpb_wrapper\">\n\t\t\t\t<div id=\"fws_69df7ca7bcfcb\" data-midnight=\"\" data-column-margin=\"default\" class=\"wpb_row vc_row-fluid vc_row inner_row vc_row-o-equal-height vc_row-flex vc_row-o-content-middle\"  style=\"\"><div class=\"row-bg-wrap\"> <div class=\"row-bg\" ><\/div> <\/div><div class=\"row_col_wrap_12_inner col span_12  left\">\n\t<div  class=\"vc_col-sm-6 wpb_column column_container vc_column_container col child_column padding-2-percent inherit_tablet inherit_phone\"   data-padding-pos=\"right\" data-has-bg-color=\"false\" data-bg-color=\"\" data-bg-opacity=\"1\" data-animation=\"\" data-delay=\"0\" >\n\t\t<div class=\"vc_column-inner\" >\n\t\t<div class=\"wpb_wrapper\">\n\t\t\t<h3 style=\"text-align: left\" class=\"vc_custom_heading vc_do_custom_heading\" >Auf Ihre Landschaft zugeschnitten<\/h3>\n<div class=\"wpb_text_column wpb_content_element\" >\n\t<div class=\"wpb_wrapper\">\n\t\t<p>Wir entwickeln Integrationen, die zu Ihrer Architektur passen. Von der Vereinheitlichung interner Systeme bis zur Anbindung externer Plattformen sind unsere L\u00f6sungen sicher, skalierbar und leistungsoptimiert. Wir ber\u00fccksichtigen auch Protokollierung, Datenherkunft und Fehlerbehandlung, um sicherzustellen, dass Ihre Prozesse auch bei Problemen reibungslos funktionieren.<\/p>\n\t<\/div>\n<\/div>\n\n\n\n\n\t\t<\/div> \n\t<\/div>\n\t<\/div> \n\n\t<div  class=\"vc_col-sm-6 wpb_column column_container vc_column_container col child_column padding-2-percent inherit_tablet inherit_phone\"   data-padding-pos=\"left\" data-has-bg-color=\"false\" data-bg-color=\"\" data-bg-opacity=\"1\" data-animation=\"\" data-delay=\"0\" >\n\t\t<div class=\"vc_column-inner\" >\n\t\t<div class=\"wpb_wrapper\">\n\t\t\t<div class=\"img-with-aniamtion-wrap center\" data-max-width=\"75%\" data-max-width-mobile=\"default\" data-shadow=\"none\" data-animation=\"fade-in\" >\n      <div class=\"inner\">\n        <div class=\"hover-wrap\"> \n          <div class=\"hover-wrap-inner\">\n            <img loading=\"lazy\" decoding=\"async\" class=\"img-with-animation skip-lazy\" data-delay=\"0\" height=\"2560\" width=\"2560\" data-animation=\"fade-in\" src=\"https:\/\/puurdata.nl\/wp-content\/uploads\/2025\/10\/Puur-Data_illustraties-20-scaled.png\" alt=\"\" srcset=\"https:\/\/puurdata.nl\/wp-content\/uploads\/2025\/10\/Puur-Data_illustraties-20-scaled.png 2560w, https:\/\/puurdata.nl\/wp-content\/uploads\/2025\/10\/Puur-Data_illustraties-20-300x300.png 300w, https:\/\/puurdata.nl\/wp-content\/uploads\/2025\/10\/Puur-Data_illustraties-20-1024x1024.png 1024w, https:\/\/puurdata.nl\/wp-content\/uploads\/2025\/10\/Puur-Data_illustraties-20-150x150.png 150w, https:\/\/puurdata.nl\/wp-content\/uploads\/2025\/10\/Puur-Data_illustraties-20-768x768.png 768w, https:\/\/puurdata.nl\/wp-content\/uploads\/2025\/10\/Puur-Data_illustraties-20-1536x1536.png 1536w, https:\/\/puurdata.nl\/wp-content\/uploads\/2025\/10\/Puur-Data_illustraties-20-2048x2048.png 2048w, https:\/\/puurdata.nl\/wp-content\/uploads\/2025\/10\/Puur-Data_illustraties-20-12x12.png 12w, https:\/\/puurdata.nl\/wp-content\/uploads\/2025\/10\/Puur-Data_illustraties-20-140x140.png 140w, https:\/\/puurdata.nl\/wp-content\/uploads\/2025\/10\/Puur-Data_illustraties-20-100x100.png 100w, https:\/\/puurdata.nl\/wp-content\/uploads\/2025\/10\/Puur-Data_illustraties-20-500x500.png 500w, https:\/\/puurdata.nl\/wp-content\/uploads\/2025\/10\/Puur-Data_illustraties-20-350x350.png 350w, https:\/\/puurdata.nl\/wp-content\/uploads\/2025\/10\/Puur-Data_illustraties-20-1000x1000.png 1000w, https:\/\/puurdata.nl\/wp-content\/uploads\/2025\/10\/Puur-Data_illustraties-20-800x800.png 800w\" sizes=\"auto, (max-width: 2560px) 100vw, 2560px\" \/>\n          <\/div>\n        <\/div>\n      <\/div>\n    <\/div>\n\t\t<\/div> \n\t<\/div>\n\t<\/div> \n<\/div><\/div>\n\t\t\t<\/div> \n\t\t<\/div>\n\t<\/div> \n<\/div><\/div>\n\t\t<div id=\"fws_69df7ca7bea8e\"  data-column-margin=\"default\" data-midnight=\"dark\"  class=\"wpb_row vc_row-fluid vc_row full-width-section\"  style=\"padding-top: 50px; padding-bottom: 50px; \"><div class=\"row-bg-wrap\" data-bg-animation=\"none\" data-bg-animation-delay=\"\" data-bg-overlay=\"false\"><div class=\"inner-wrap row-bg-layer\" ><div class=\"row-bg viewport-desktop\"  style=\"\"><\/div><\/div><\/div><div class=\"row_col_wrap_12 col span_12 dark left\">\n\t<div  class=\"vc_col-sm-12 wpb_column column_container vc_column_container col no-extra-padding inherit_tablet inherit_phone\"  data-padding-pos=\"all\" data-has-bg-color=\"false\" data-bg-color=\"\" data-bg-opacity=\"1\" data-animation=\"\" data-delay=\"0\" >\n\t\t<div class=\"vc_column-inner\" >\n\t\t\t<div class=\"wpb_wrapper\">\n\t\t\t\t<div id=\"fws_69df7ca7bf226\" data-midnight=\"\" data-column-margin=\"default\" class=\"wpb_row vc_row-fluid vc_row inner_row vc_row-o-equal-height vc_row-flex vc_row-o-content-middle\"  style=\"\"><div class=\"row-bg-wrap\"> <div class=\"row-bg\" ><\/div> <\/div><div class=\"row_col_wrap_12_inner col span_12  left\">\n\t<div  class=\"vc_col-sm-6 wpb_column column_container vc_column_container col child_column padding-2-percent inherit_tablet inherit_phone\"   data-padding-pos=\"right\" data-has-bg-color=\"false\" data-bg-color=\"\" data-bg-opacity=\"1\" data-animation=\"\" data-delay=\"0\" >\n\t\t<div class=\"vc_column-inner\" >\n\t\t<div class=\"wpb_wrapper\">\n\t\t\t<div class=\"img-with-aniamtion-wrap center\" data-max-width=\"75%\" data-max-width-mobile=\"default\" data-shadow=\"none\" data-animation=\"fade-in\" >\n      <div class=\"inner\">\n        <div class=\"hover-wrap\"> \n          <div class=\"hover-wrap-inner\">\n            <img loading=\"lazy\" decoding=\"async\" class=\"img-with-animation skip-lazy\" data-delay=\"0\" height=\"2560\" width=\"2560\" data-animation=\"fade-in\" src=\"https:\/\/puurdata.nl\/wp-content\/uploads\/2025\/10\/Puur-Data_illustraties-16-scaled.png\" alt=\"\" srcset=\"https:\/\/puurdata.nl\/wp-content\/uploads\/2025\/10\/Puur-Data_illustraties-16-scaled.png 2560w, https:\/\/puurdata.nl\/wp-content\/uploads\/2025\/10\/Puur-Data_illustraties-16-300x300.png 300w, https:\/\/puurdata.nl\/wp-content\/uploads\/2025\/10\/Puur-Data_illustraties-16-1024x1024.png 1024w, https:\/\/puurdata.nl\/wp-content\/uploads\/2025\/10\/Puur-Data_illustraties-16-150x150.png 150w, https:\/\/puurdata.nl\/wp-content\/uploads\/2025\/10\/Puur-Data_illustraties-16-768x768.png 768w, https:\/\/puurdata.nl\/wp-content\/uploads\/2025\/10\/Puur-Data_illustraties-16-1536x1536.png 1536w, https:\/\/puurdata.nl\/wp-content\/uploads\/2025\/10\/Puur-Data_illustraties-16-2048x2048.png 2048w, https:\/\/puurdata.nl\/wp-content\/uploads\/2025\/10\/Puur-Data_illustraties-16-12x12.png 12w, https:\/\/puurdata.nl\/wp-content\/uploads\/2025\/10\/Puur-Data_illustraties-16-140x140.png 140w, https:\/\/puurdata.nl\/wp-content\/uploads\/2025\/10\/Puur-Data_illustraties-16-100x100.png 100w, https:\/\/puurdata.nl\/wp-content\/uploads\/2025\/10\/Puur-Data_illustraties-16-500x500.png 500w, https:\/\/puurdata.nl\/wp-content\/uploads\/2025\/10\/Puur-Data_illustraties-16-350x350.png 350w, https:\/\/puurdata.nl\/wp-content\/uploads\/2025\/10\/Puur-Data_illustraties-16-1000x1000.png 1000w, https:\/\/puurdata.nl\/wp-content\/uploads\/2025\/10\/Puur-Data_illustraties-16-800x800.png 800w\" sizes=\"auto, (max-width: 2560px) 100vw, 2560px\" \/>\n          <\/div>\n        <\/div>\n      <\/div>\n    <\/div>\n\t\t<\/div> \n\t<\/div>\n\t<\/div> \n\n\t<div  class=\"vc_col-sm-6 wpb_column column_container vc_column_container col child_column padding-2-percent inherit_tablet inherit_phone\"   data-padding-pos=\"left\" data-has-bg-color=\"false\" data-bg-color=\"\" data-bg-opacity=\"1\" data-animation=\"\" data-delay=\"0\" >\n\t\t<div class=\"vc_column-inner\" >\n\t\t<div class=\"wpb_wrapper\">\n\t\t\t<h3 style=\"text-align: left\" class=\"vc_custom_heading vc_do_custom_heading\" >Mehr Grip, weniger Handarbeit<\/h3>\n<div class=\"wpb_text_column wpb_content_element\" >\n\t<div class=\"wpb_wrapper\">\n\t\t<p>Effektive Integrationen beseitigen Unordnung in Ihren Prozessen. Sie reduzieren manuelle Schritte, minimieren Fehler und stellen sicher, dass aktuelle Daten immer am richtigen Ort sind. Ob Reporting, KI-Feeds oder Suchindexierung \u2013 wir sorgen daf\u00fcr, dass Ihre Systeme synchronisiert sind und Ihr Unternehmen schneller agieren kann.<\/p>\n\t<\/div>\n<\/div>\n\n\n\n\n\t\t<\/div> \n\t<\/div>\n\t<\/div> \n<\/div><\/div>\n\t\t\t<\/div> \n\t\t<\/div>\n\t<\/div> \n<\/div><\/div>\n\t\t<div id=\"fws_69df7ca7c0ced\"  data-column-margin=\"default\" data-midnight=\"light\"  class=\"wpb_row vc_row-fluid vc_row full-width-content vc_row-o-equal-height vc_row-flex vc_row-o-content-top\"  style=\"padding-top: 50px; padding-bottom: 50px; \"><div class=\"row-bg-wrap\" data-bg-animation=\"none\" data-bg-animation-delay=\"\" data-bg-overlay=\"false\"><div class=\"inner-wrap row-bg-layer\" ><div class=\"row-bg viewport-desktop using-bg-color\"  style=\"background-color: #e9812e; \"><\/div><\/div><\/div><div class=\"row_col_wrap_12 col span_12 light left\">\n\t<div  class=\"vc_col-sm-3 wpb_column column_container vc_column_container col no-extra-padding inherit_tablet inherit_phone\"  data-padding-pos=\"all\" data-has-bg-color=\"false\" data-bg-color=\"\" data-bg-opacity=\"1\" data-animation=\"\" data-delay=\"0\" >\n\t\t<div class=\"vc_column-inner\" >\n\t\t\t<div class=\"wpb_wrapper\">\n\t\t\t\t\n\t\t\t<\/div> \n\t\t<\/div>\n\t<\/div> \n\n\t<div  class=\"vc_col-sm-6 wpb_column column_container vc_column_container col centered-text no-extra-padding inherit_tablet inherit_phone\"  data-padding-pos=\"all\" data-has-bg-color=\"false\" data-bg-color=\"\" data-bg-opacity=\"1\" data-animation=\"\" data-delay=\"0\" >\n\t\t<div class=\"vc_column-inner\" >\n\t\t\t<div class=\"wpb_wrapper\">\n\t\t\t\t<h3 style=\"color: #ffffff;text-align: center;font-family:Abril Fatface;font-weight:400;font-style:normal\" class=\"vc_custom_heading vc_do_custom_heading\" >Mehr wissen?<\/h3>\n<div class=\"wpb_text_column wpb_content_element\" >\n\t<div class=\"wpb_wrapper\">\n\t\t<p style=\"text-align: center;\"><strong>M\u00f6chten Sie Ihre Datenfl\u00fcsse intelligenter und zuverl\u00e4ssiger machen?<\/strong><br \/>\nVereinbaren Sie einen Termin mit unseren Integrationsexperten. Wir unterst\u00fctzen Sie gerne bei der Planung, von der Architektur bis zur Implementierung.<\/p>\n\t<\/div>\n<\/div>\n\n\n\n<a class=\"nectar-button large regular accent-color  regular-button\"  role=\"button\" style=\"color: #e9812e; background-color: #ffffff;\"  href=\"https:\/\/puurdata.nl\/de\/kontakt\/\" data-color-override=\"#ffffff\" data-hover-color-override=\"false\" data-hover-text-color-override=\"#fff\"><span>Planen Sie eine Sitzung<\/span><\/a>\n\t\t\t<\/div> \n\t\t<\/div>\n\t<\/div> \n\n\t<div  class=\"vc_col-sm-3 wpb_column column_container vc_column_container col no-extra-padding inherit_tablet inherit_phone\"  data-padding-pos=\"all\" data-has-bg-color=\"false\" data-bg-color=\"\" data-bg-opacity=\"1\" data-animation=\"\" data-delay=\"0\" >\n\t\t<div class=\"vc_column-inner\" >\n\t\t\t<div class=\"wpb_wrapper\">\n\t\t\t\t\n\t\t\t<\/div> \n\t\t<\/div>\n\t<\/div> \n<\/div><\/div>","protected":false},"excerpt":{"rendered":"Datenintegrationsl\u00f6sungen: Ein Datenstrom, weniger Datenverlust. Systeme verbinden, Informationen konsolidieren. Fragmentierte Daten verlangsamen Prozesse und behindern Einblicke. Mit intelligenten Datenintegrationen stellen wir sicher, dass Ihre Systeme effektiv zusammenarbeiten. Wir verbinden...","protected":false},"author":5,"featured_media":2644,"parent":3208,"menu_order":0,"comment_status":"closed","ping_status":"closed","template":"","meta":{"content-type":"","footnotes":""},"class_list":["post-3254","page","type-page","status-publish","has-post-thumbnail"],"yoast_head":"<!-- This site is optimized with the Yoast SEO plugin v27.3 - https:\/\/yoast.com\/product\/yoast-seo-wordpress\/ -->\n<title>Data Integration Solutions - PuurData<\/title>\n<meta name=\"description\" content=\"Met onze Data Integration Solutions bouwen we integraties die passen bij jouw architectuur - veilig, snel en schaalbaar.\" \/>\n<meta name=\"robots\" content=\"index, follow, max-snippet:-1, max-image-preview:large, max-video-preview:-1\" \/>\n<link rel=\"canonical\" href=\"https:\/\/puurdata.nl\/de\/integrationsautomatisierung\/datenintegrationslosungen\/\" \/>\n<meta name=\"twitter:label1\" content=\"Gesch\u00e4tzte Lesezeit\" \/>\n\t<meta name=\"twitter:data1\" content=\"2\u00a0Minuten\" \/>\n<script type=\"application\/ld+json\" class=\"yoast-schema-graph\">{\"@context\":\"https:\\\/\\\/schema.org\",\"@graph\":[{\"@type\":\"WebPage\",\"@id\":\"https:\\\/\\\/puurdata.nl\\\/integration-automation\\\/data-integration-solutions\\\/\",\"url\":\"https:\\\/\\\/puurdata.nl\\\/integration-automation\\\/data-integration-solutions\\\/\",\"name\":\"Data Integration Solutions - PuurData\",\"isPartOf\":{\"@id\":\"https:\\\/\\\/puurdata.nl\\\/#website\"},\"primaryImageOfPage\":{\"@id\":\"https:\\\/\\\/puurdata.nl\\\/integration-automation\\\/data-integration-solutions\\\/#primaryimage\"},\"image\":{\"@id\":\"https:\\\/\\\/puurdata.nl\\\/integration-automation\\\/data-integration-solutions\\\/#primaryimage\"},\"thumbnailUrl\":\"https:\\\/\\\/puurdata.nl\\\/wp-content\\\/uploads\\\/2025\\\/01\\\/shutterstock_2058573251-scaled.jpg\",\"datePublished\":\"2025-07-03T08:25:03+00:00\",\"dateModified\":\"2025-10-23T11:27:46+00:00\",\"description\":\"Met onze Data Integration Solutions bouwen we integraties die passen bij jouw architectuur - veilig, snel en schaalbaar.\",\"breadcrumb\":{\"@id\":\"https:\\\/\\\/puurdata.nl\\\/integration-automation\\\/data-integration-solutions\\\/#breadcrumb\"},\"inLanguage\":\"de\",\"potentialAction\":[{\"@type\":\"ReadAction\",\"target\":[\"https:\\\/\\\/puurdata.nl\\\/integration-automation\\\/data-integration-solutions\\\/\"]}]},{\"@type\":\"ImageObject\",\"inLanguage\":\"de\",\"@id\":\"https:\\\/\\\/puurdata.nl\\\/integration-automation\\\/data-integration-solutions\\\/#primaryimage\",\"url\":\"https:\\\/\\\/puurdata.nl\\\/wp-content\\\/uploads\\\/2025\\\/01\\\/shutterstock_2058573251-scaled.jpg\",\"contentUrl\":\"https:\\\/\\\/puurdata.nl\\\/wp-content\\\/uploads\\\/2025\\\/01\\\/shutterstock_2058573251-scaled.jpg\",\"width\":2560,\"height\":1440,\"caption\":\"Global communication network concept. Environmental technology. Sustainable development goals. SDGs.\"},{\"@type\":\"BreadcrumbList\",\"@id\":\"https:\\\/\\\/puurdata.nl\\\/integration-automation\\\/data-integration-solutions\\\/#breadcrumb\",\"itemListElement\":[{\"@type\":\"ListItem\",\"position\":1,\"name\":\"Home\",\"item\":\"https:\\\/\\\/puurdata.nl\\\/\"},{\"@type\":\"ListItem\",\"position\":2,\"name\":\"Integration &#038; Automation\",\"item\":\"https:\\\/\\\/puurdata.nl\\\/integration-automation\\\/\"},{\"@type\":\"ListItem\",\"position\":3,\"name\":\"Data Integration Solutions\"}]},{\"@type\":\"WebSite\",\"@id\":\"https:\\\/\\\/puurdata.nl\\\/#website\",\"url\":\"https:\\\/\\\/puurdata.nl\\\/\",\"name\":\"PuurData\",\"description\":\"PuurData\",\"potentialAction\":[{\"@type\":\"SearchAction\",\"target\":{\"@type\":\"EntryPoint\",\"urlTemplate\":\"https:\\\/\\\/puurdata.nl\\\/?s={search_term_string}\"},\"query-input\":{\"@type\":\"PropertyValueSpecification\",\"valueRequired\":true,\"valueName\":\"search_term_string\"}}],\"inLanguage\":\"de\"}]}<\/script>\n<!-- \/ Yoast SEO plugin. -->","yoast_head_json":{"title":"Datenintegrationsl\u00f6sungen - PuurData","description":"Mit unseren Datenintegrationsl\u00f6sungen entwickeln wir Integrationen, die zu Ihrer Architektur passen \u2013 sicher, schnell und skalierbar.","robots":{"index":"index","follow":"follow","max-snippet":"max-snippet:-1","max-image-preview":"max-image-preview:large","max-video-preview":"max-video-preview:-1"},"canonical":"https:\/\/puurdata.nl\/de\/integrationsautomatisierung\/datenintegrationslosungen\/","twitter_misc":{"Gesch\u00e4tzte Lesezeit":"2\u00a0Minuten"},"schema":{"@context":"https:\/\/schema.org","@graph":[{"@type":"WebPage","@id":"https:\/\/puurdata.nl\/integration-automation\/data-integration-solutions\/","url":"https:\/\/puurdata.nl\/integration-automation\/data-integration-solutions\/","name":"Datenintegrationsl\u00f6sungen - PuurData","isPartOf":{"@id":"https:\/\/puurdata.nl\/#website"},"primaryImageOfPage":{"@id":"https:\/\/puurdata.nl\/integration-automation\/data-integration-solutions\/#primaryimage"},"image":{"@id":"https:\/\/puurdata.nl\/integration-automation\/data-integration-solutions\/#primaryimage"},"thumbnailUrl":"https:\/\/puurdata.nl\/wp-content\/uploads\/2025\/01\/shutterstock_2058573251-scaled.jpg","datePublished":"2025-07-03T08:25:03+00:00","dateModified":"2025-10-23T11:27:46+00:00","description":"Mit unseren Datenintegrationsl\u00f6sungen entwickeln wir Integrationen, die zu Ihrer Architektur passen \u2013 sicher, schnell und skalierbar.","breadcrumb":{"@id":"https:\/\/puurdata.nl\/integration-automation\/data-integration-solutions\/#breadcrumb"},"inLanguage":"de","potentialAction":[{"@type":"ReadAction","target":["https:\/\/puurdata.nl\/integration-automation\/data-integration-solutions\/"]}]},{"@type":"ImageObject","inLanguage":"de","@id":"https:\/\/puurdata.nl\/integration-automation\/data-integration-solutions\/#primaryimage","url":"https:\/\/puurdata.nl\/wp-content\/uploads\/2025\/01\/shutterstock_2058573251-scaled.jpg","contentUrl":"https:\/\/puurdata.nl\/wp-content\/uploads\/2025\/01\/shutterstock_2058573251-scaled.jpg","width":2560,"height":1440,"caption":"Global communication network concept. Environmental technology. Sustainable development goals. SDGs."},{"@type":"BreadcrumbList","@id":"https:\/\/puurdata.nl\/integration-automation\/data-integration-solutions\/#breadcrumb","itemListElement":[{"@type":"ListItem","position":1,"name":"Home","item":"https:\/\/puurdata.nl\/"},{"@type":"ListItem","position":2,"name":"Integration &#038; Automation","item":"https:\/\/puurdata.nl\/integration-automation\/"},{"@type":"ListItem","position":3,"name":"Data Integration Solutions"}]},{"@type":"WebSite","@id":"https:\/\/puurdata.nl\/#website","url":"https:\/\/puurdata.nl\/","name":"PuurData","description":"PuurData","potentialAction":[{"@type":"SearchAction","target":{"@type":"EntryPoint","urlTemplate":"https:\/\/puurdata.nl\/?s={search_term_string}"},"query-input":{"@type":"PropertyValueSpecification","valueRequired":true,"valueName":"search_term_string"}}],"inLanguage":"de"}]}},"_links":{"self":[{"href":"https:\/\/puurdata.nl\/de\/wp-json\/wp\/v2\/pages\/3254","targetHints":{"allow":["GET"]}}],"collection":[{"href":"https:\/\/puurdata.nl\/de\/wp-json\/wp\/v2\/pages"}],"about":[{"href":"https:\/\/puurdata.nl\/de\/wp-json\/wp\/v2\/types\/page"}],"author":[{"embeddable":true,"href":"https:\/\/puurdata.nl\/de\/wp-json\/wp\/v2\/users\/5"}],"replies":[{"embeddable":true,"href":"https:\/\/puurdata.nl\/de\/wp-json\/wp\/v2\/comments?post=3254"}],"version-history":[{"count":9,"href":"https:\/\/puurdata.nl\/de\/wp-json\/wp\/v2\/pages\/3254\/revisions"}],"predecessor-version":[{"id":3774,"href":"https:\/\/puurdata.nl\/de\/wp-json\/wp\/v2\/pages\/3254\/revisions\/3774"}],"up":[{"embeddable":true,"href":"https:\/\/puurdata.nl\/de\/wp-json\/wp\/v2\/pages\/3208"}],"wp:featuredmedia":[{"embeddable":true,"href":"https:\/\/puurdata.nl\/de\/wp-json\/wp\/v2\/media\/2644"}],"wp:attachment":[{"href":"https:\/\/puurdata.nl\/de\/wp-json\/wp\/v2\/media?parent=3254"}],"curies":[{"name":"wp","href":"https:\/\/api.w.org\/{rel}","templated":true}]}}