{"id":3284,"date":"2025-07-03T12:29:50","date_gmt":"2025-07-03T10:29:50","guid":{"rendered":"https:\/\/staging.puurdata.nl\/?page_id=3284"},"modified":"2025-10-23T13:28:50","modified_gmt":"2025-10-23T11:28:50","slug":"datensee","status":"publish","type":"page","link":"https:\/\/puurdata.nl\/de\/data-engineering\/data-lake\/","title":{"rendered":"Datensee"},"content":{"rendered":"<div id=\"fws_69dff7663600a\"  data-column-margin=\"default\" data-midnight=\"dark\"  class=\"wpb_row vc_row-fluid vc_row full-width-section headerBox\"  style=\"padding-top: 0px; padding-bottom: 0px; \"><div class=\"row-bg-wrap\" data-bg-animation=\"none\" data-bg-animation-delay=\"\" data-bg-overlay=\"false\"><div class=\"inner-wrap row-bg-layer using-image\" ><div class=\"row-bg viewport-desktop using-image using-bg-color\"  style=\"background-image: url(https:\/\/puurdata.nl\/wp-content\/uploads\/2019\/07\/header.png); background-position: center bottom; background-repeat: no-repeat; background-color: #ffffff; \"><\/div><\/div><\/div><div class=\"row_col_wrap_12 col span_12 dark left\">\n\t<div  class=\"vc_col-sm-12 wpb_column column_container vc_column_container col no-extra-padding inherit_tablet inherit_phone\"  data-padding-pos=\"all\" data-has-bg-color=\"false\" data-bg-color=\"\" data-bg-opacity=\"1\" data-animation=\"\" data-delay=\"0\" >\n\t\t<div class=\"vc_column-inner\" >\n\t\t\t<div class=\"wpb_wrapper\">\n\t\t\t\t<div id=\"fws_69dff76636caa\" data-midnight=\"\" data-column-margin=\"default\" class=\"wpb_row vc_row-fluid vc_row inner_row vc_row-o-equal-height vc_row-flex vc_row-o-content-middle\"  style=\"padding-top: 10%; padding-bottom: 20%; \"><div class=\"row-bg-wrap\"> <div class=\"row-bg\" ><\/div> <\/div><div class=\"row_col_wrap_12_inner col span_12  left\">\n\t<div  class=\"vc_col-sm-8 wpb_column column_container vc_column_container col child_column padding-2-percent inherit_tablet inherit_phone\"   data-padding-pos=\"right\" data-has-bg-color=\"false\" data-bg-color=\"\" data-bg-opacity=\"1\" data-animation=\"\" data-delay=\"0\" >\n\t\t<div class=\"vc_column-inner\" >\n\t\t<div class=\"wpb_wrapper\">\n\t\t\t<h1 style=\"text-align: left\" class=\"vc_custom_heading vc_do_custom_heading headerText\" >Datensee<\/h1>\n<div class=\"wpb_text_column wpb_content_element  headerText\" >\n\t<div class=\"wpb_wrapper\">\n\t\t<h4>Eine solide Grundlage f\u00fcr alle Ihre Datenfl\u00fcsse<\/h4>\n\t<\/div>\n<\/div>\n\n\n\n\n\t\t<\/div> \n\t<\/div>\n\t<\/div> \n\n\t<div  class=\"vc_col-sm-4 wpb_column column_container vc_column_container col child_column padding-2-percent inherit_tablet inherit_phone\"   data-padding-pos=\"left\" data-has-bg-color=\"false\" data-bg-color=\"\" data-bg-opacity=\"1\" data-animation=\"\" data-delay=\"0\" >\n\t\t<div class=\"vc_column-inner\" >\n\t\t<div class=\"wpb_wrapper\">\n\t\t\t\n\t\t<\/div> \n\t<\/div>\n\t<\/div> \n<\/div><\/div>\n\t\t\t<\/div> \n\t\t<\/div>\n\t<\/div> \n<\/div><\/div>\n\t\t<div id=\"fws_69dff766386c3\"  data-column-margin=\"default\" data-midnight=\"dark\"  class=\"wpb_row vc_row-fluid vc_row full-width-section\"  style=\"padding-top: 100px; padding-bottom: 50px; \"><div class=\"row-bg-wrap\" data-bg-animation=\"none\" data-bg-animation-delay=\"\" data-bg-overlay=\"false\"><div class=\"inner-wrap row-bg-layer\" ><div class=\"row-bg viewport-desktop using-bg-color\"  style=\"background-color: #ffffff; \"><\/div><\/div><\/div><div class=\"row_col_wrap_12 col span_12 dark left\">\n\t<div  class=\"vc_col-sm-12 wpb_column column_container vc_column_container col no-extra-padding inherit_tablet inherit_phone\"  data-padding-pos=\"all\" data-has-bg-color=\"false\" data-bg-color=\"\" data-bg-opacity=\"1\" data-animation=\"\" data-delay=\"0\" >\n\t\t<div class=\"vc_column-inner\" >\n\t\t\t<div class=\"wpb_wrapper\">\n\t\t\t\t<div id=\"fws_69dff76638f64\" data-midnight=\"\" data-column-margin=\"default\" class=\"wpb_row vc_row-fluid vc_row inner_row vc_row-o-equal-height vc_row-flex vc_row-o-content-middle\"  style=\"\"><div class=\"row-bg-wrap\"> <div class=\"row-bg\" ><\/div> <\/div><div class=\"row_col_wrap_12_inner col span_12  left\">\n\t<div  class=\"vc_col-sm-6 wpb_column column_container vc_column_container col child_column padding-2-percent inherit_tablet inherit_phone\"   data-padding-pos=\"right\" data-has-bg-color=\"false\" data-bg-color=\"\" data-bg-opacity=\"1\" data-animation=\"\" data-delay=\"0\" >\n\t\t<div class=\"vc_column-inner\" >\n\t\t<div class=\"wpb_wrapper\">\n\t\t\t<div class=\"img-with-aniamtion-wrap center\" data-max-width=\"75%\" data-max-width-mobile=\"default\" data-shadow=\"none\" data-animation=\"fade-in\" >\n      <div class=\"inner\">\n        <div class=\"hover-wrap\"> \n          <div class=\"hover-wrap-inner\">\n            <img loading=\"lazy\" decoding=\"async\" class=\"img-with-animation skip-lazy\" data-delay=\"0\" height=\"756\" width=\"756\" data-animation=\"fade-in\" src=\"https:\/\/puurdata.nl\/wp-content\/uploads\/2025\/10\/Puur-Data_iconen__Data-Lake.png\" alt=\"\" srcset=\"https:\/\/puurdata.nl\/wp-content\/uploads\/2025\/10\/Puur-Data_iconen__Data-Lake.png 756w, https:\/\/puurdata.nl\/wp-content\/uploads\/2025\/10\/Puur-Data_iconen__Data-Lake-300x300.png 300w, https:\/\/puurdata.nl\/wp-content\/uploads\/2025\/10\/Puur-Data_iconen__Data-Lake-150x150.png 150w, https:\/\/puurdata.nl\/wp-content\/uploads\/2025\/10\/Puur-Data_iconen__Data-Lake-12x12.png 12w, https:\/\/puurdata.nl\/wp-content\/uploads\/2025\/10\/Puur-Data_iconen__Data-Lake-140x140.png 140w, https:\/\/puurdata.nl\/wp-content\/uploads\/2025\/10\/Puur-Data_iconen__Data-Lake-100x100.png 100w, https:\/\/puurdata.nl\/wp-content\/uploads\/2025\/10\/Puur-Data_iconen__Data-Lake-500x500.png 500w, https:\/\/puurdata.nl\/wp-content\/uploads\/2025\/10\/Puur-Data_iconen__Data-Lake-350x350.png 350w\" sizes=\"auto, (max-width: 756px) 100vw, 756px\" \/>\n          <\/div>\n        <\/div>\n      <\/div>\n    <\/div>\n\t\t<\/div> \n\t<\/div>\n\t<\/div> \n\n\t<div  class=\"vc_col-sm-6 wpb_column column_container vc_column_container col child_column padding-2-percent inherit_tablet inherit_phone\"   data-padding-pos=\"left\" data-has-bg-color=\"false\" data-bg-color=\"\" data-bg-opacity=\"1\" data-animation=\"\" data-delay=\"0\" >\n\t\t<div class=\"vc_column-inner\" >\n\t\t<div class=\"wpb_wrapper\">\n\t\t\t<h3 style=\"text-align: left;font-family:Abril Fatface;font-weight:400;font-style:normal\" class=\"vc_custom_heading vc_do_custom_heading\" >Zentraler Speicher f\u00fcr wachsende Datenstr\u00f6me<\/h3>\n<div class=\"wpb_text_column wpb_content_element\" >\n\t<div class=\"wpb_wrapper\">\n\t\t<p>Ein gut konzipierter Data Lake bildet die Grundlage f\u00fcr zuverl\u00e4ssige Analysen, Dashboards und KI-L\u00f6sungen. Er bietet ein zentrales Repository f\u00fcr Rohdaten, strukturierte und semistrukturierte Daten \u2013 bereit zur Verarbeitung, Anreicherung und zum Zugriff. PuurData unterst\u00fctzt Unternehmen beim Aufbau und der Verwaltung skalierbarer Data Lakes, die mit den Anforderungen von heute und morgen wachsen.<\/p>\n\t<\/div>\n<\/div>\n\n\n\n\n\t\t<\/div> \n\t<\/div>\n\t<\/div> \n<\/div><\/div>\n\t\t\t<\/div> \n\t\t<\/div>\n\t<\/div> \n<\/div><\/div>\n\t\t<div id=\"fws_69dff7663ad2a\"  data-column-margin=\"default\" data-midnight=\"dark\"  class=\"wpb_row vc_row-fluid vc_row full-width-section\"  style=\"padding-top: 50px; padding-bottom: 100px; \"><div class=\"row-bg-wrap\" data-bg-animation=\"none\" data-bg-animation-delay=\"\" data-bg-overlay=\"false\"><div class=\"inner-wrap row-bg-layer\" ><div class=\"row-bg viewport-desktop using-bg-color\"  style=\"background-color: #ffffff; \"><\/div><\/div><\/div><div class=\"row_col_wrap_12 col span_12 dark left\">\n\t<div  class=\"vc_col-sm-12 wpb_column column_container vc_column_container col no-extra-padding inherit_tablet inherit_phone\"  data-padding-pos=\"all\" data-has-bg-color=\"false\" data-bg-color=\"\" data-bg-opacity=\"1\" data-animation=\"\" data-delay=\"0\" >\n\t\t<div class=\"vc_column-inner\" >\n\t\t\t<div class=\"wpb_wrapper\">\n\t\t\t\t<div id=\"fws_69dff7663b4db\" data-midnight=\"\" data-column-margin=\"default\" class=\"wpb_row vc_row-fluid vc_row inner_row vc_row-o-equal-height vc_row-flex vc_row-o-content-middle\"  style=\"\"><div class=\"row-bg-wrap\"> <div class=\"row-bg\" ><\/div> <\/div><div class=\"row_col_wrap_12_inner col span_12  left\">\n\t<div  class=\"vc_col-sm-6 wpb_column column_container vc_column_container col child_column padding-2-percent inherit_tablet inherit_phone\"   data-padding-pos=\"right\" data-has-bg-color=\"false\" data-bg-color=\"\" data-bg-opacity=\"1\" data-animation=\"\" data-delay=\"0\" >\n\t\t<div class=\"vc_column-inner\" >\n\t\t<div class=\"wpb_wrapper\">\n\t\t\t<h3 style=\"text-align: left\" class=\"vc_custom_heading vc_do_custom_heading\" >Flexibles, skalierbares und sicheres Design<\/h3>\n<div class=\"wpb_text_column wpb_content_element\" >\n\t<div class=\"wpb_wrapper\">\n\t\t<p>Unsere Datenseen basieren auf modernen Technologien wie <a href=\"https:\/\/clickhouse.com\" target=\"_blank\" rel=\"noopener\">ClickHouse<\/a> und <a href=\"https:\/\/aws.amazon.com\" target=\"_blank\" rel=\"noopener\">AWS<\/a>, und sind auf Flexibilit\u00e4t, Leistung und Governance ausgelegt. Ob Sie Echtzeitereignisse verarbeiten oder auf historische Datens\u00e4tze zugreifen, wir sorgen f\u00fcr die richtige Struktur und Leistung, ohne Kompromisse bei Sicherheit oder Verwaltbarkeit einzugehen.<\/p>\n\t<\/div>\n<\/div>\n\n\n\n\n\t\t<\/div> \n\t<\/div>\n\t<\/div> \n\n\t<div  class=\"vc_col-sm-6 wpb_column column_container vc_column_container col child_column padding-2-percent inherit_tablet inherit_phone\"   data-padding-pos=\"left\" data-has-bg-color=\"false\" data-bg-color=\"\" data-bg-opacity=\"1\" data-animation=\"\" data-delay=\"0\" >\n\t\t<div class=\"vc_column-inner\" >\n\t\t<div class=\"wpb_wrapper\">\n\t\t\t<div class=\"img-with-aniamtion-wrap center\" data-max-width=\"75%\" data-max-width-mobile=\"default\" data-shadow=\"none\" data-animation=\"fade-in\" >\n      <div class=\"inner\">\n        <div class=\"hover-wrap\"> \n          <div class=\"hover-wrap-inner\">\n            <img loading=\"lazy\" decoding=\"async\" class=\"img-with-animation skip-lazy\" data-delay=\"0\" height=\"2560\" width=\"2560\" data-animation=\"fade-in\" src=\"https:\/\/puurdata.nl\/wp-content\/uploads\/2025\/10\/Puur-Data_illustraties-09-scaled.png\" alt=\"\" srcset=\"https:\/\/puurdata.nl\/wp-content\/uploads\/2025\/10\/Puur-Data_illustraties-09-scaled.png 2560w, https:\/\/puurdata.nl\/wp-content\/uploads\/2025\/10\/Puur-Data_illustraties-09-300x300.png 300w, https:\/\/puurdata.nl\/wp-content\/uploads\/2025\/10\/Puur-Data_illustraties-09-1024x1024.png 1024w, https:\/\/puurdata.nl\/wp-content\/uploads\/2025\/10\/Puur-Data_illustraties-09-150x150.png 150w, https:\/\/puurdata.nl\/wp-content\/uploads\/2025\/10\/Puur-Data_illustraties-09-768x768.png 768w, https:\/\/puurdata.nl\/wp-content\/uploads\/2025\/10\/Puur-Data_illustraties-09-1536x1536.png 1536w, https:\/\/puurdata.nl\/wp-content\/uploads\/2025\/10\/Puur-Data_illustraties-09-2048x2048.png 2048w, https:\/\/puurdata.nl\/wp-content\/uploads\/2025\/10\/Puur-Data_illustraties-09-12x12.png 12w, https:\/\/puurdata.nl\/wp-content\/uploads\/2025\/10\/Puur-Data_illustraties-09-140x140.png 140w, https:\/\/puurdata.nl\/wp-content\/uploads\/2025\/10\/Puur-Data_illustraties-09-100x100.png 100w, https:\/\/puurdata.nl\/wp-content\/uploads\/2025\/10\/Puur-Data_illustraties-09-500x500.png 500w, https:\/\/puurdata.nl\/wp-content\/uploads\/2025\/10\/Puur-Data_illustraties-09-350x350.png 350w, https:\/\/puurdata.nl\/wp-content\/uploads\/2025\/10\/Puur-Data_illustraties-09-1000x1000.png 1000w, https:\/\/puurdata.nl\/wp-content\/uploads\/2025\/10\/Puur-Data_illustraties-09-800x800.png 800w\" sizes=\"auto, (max-width: 2560px) 100vw, 2560px\" \/>\n          <\/div>\n        <\/div>\n      <\/div>\n    <\/div>\n\t\t<\/div> \n\t<\/div>\n\t<\/div> \n<\/div><\/div>\n\t\t\t<\/div> \n\t\t<\/div>\n\t<\/div> \n<\/div><\/div>\n\t\t<div id=\"fws_69dff7663d030\"  data-column-margin=\"default\" data-midnight=\"dark\"  class=\"wpb_row vc_row-fluid vc_row full-width-section\"  style=\"padding-top: 50px; padding-bottom: 50px; \"><div class=\"row-bg-wrap\" data-bg-animation=\"none\" data-bg-animation-delay=\"\" data-bg-overlay=\"false\"><div class=\"inner-wrap row-bg-layer\" ><div class=\"row-bg viewport-desktop\"  style=\"\"><\/div><\/div><\/div><div class=\"row_col_wrap_12 col span_12 dark left\">\n\t<div  class=\"vc_col-sm-12 wpb_column column_container vc_column_container col no-extra-padding inherit_tablet inherit_phone\"  data-padding-pos=\"all\" data-has-bg-color=\"false\" data-bg-color=\"\" data-bg-opacity=\"1\" data-animation=\"\" data-delay=\"0\" >\n\t\t<div class=\"vc_column-inner\" >\n\t\t\t<div class=\"wpb_wrapper\">\n\t\t\t\t<div id=\"fws_69dff7663d7de\" data-midnight=\"\" data-column-margin=\"default\" class=\"wpb_row vc_row-fluid vc_row inner_row vc_row-o-equal-height vc_row-flex vc_row-o-content-middle\"  style=\"\"><div class=\"row-bg-wrap\"> <div class=\"row-bg\" ><\/div> <\/div><div class=\"row_col_wrap_12_inner col span_12  left\">\n\t<div  class=\"vc_col-sm-6 wpb_column column_container vc_column_container col child_column padding-2-percent inherit_tablet inherit_phone\"   data-padding-pos=\"right\" data-has-bg-color=\"false\" data-bg-color=\"\" data-bg-opacity=\"1\" data-animation=\"\" data-delay=\"0\" >\n\t\t<div class=\"vc_column-inner\" >\n\t\t<div class=\"wpb_wrapper\">\n\t\t\t<div class=\"img-with-aniamtion-wrap center\" data-max-width=\"75%\" data-max-width-mobile=\"default\" data-shadow=\"none\" data-animation=\"fade-in\" >\n      <div class=\"inner\">\n        <div class=\"hover-wrap\"> \n          <div class=\"hover-wrap-inner\">\n            <img loading=\"lazy\" decoding=\"async\" class=\"img-with-animation skip-lazy\" data-delay=\"0\" height=\"2560\" width=\"2560\" data-animation=\"fade-in\" src=\"https:\/\/puurdata.nl\/wp-content\/uploads\/2025\/10\/Puur-Data_illustraties-19-scaled.png\" alt=\"\" srcset=\"https:\/\/puurdata.nl\/wp-content\/uploads\/2025\/10\/Puur-Data_illustraties-19-scaled.png 2560w, https:\/\/puurdata.nl\/wp-content\/uploads\/2025\/10\/Puur-Data_illustraties-19-300x300.png 300w, https:\/\/puurdata.nl\/wp-content\/uploads\/2025\/10\/Puur-Data_illustraties-19-1024x1024.png 1024w, https:\/\/puurdata.nl\/wp-content\/uploads\/2025\/10\/Puur-Data_illustraties-19-150x150.png 150w, https:\/\/puurdata.nl\/wp-content\/uploads\/2025\/10\/Puur-Data_illustraties-19-768x768.png 768w, https:\/\/puurdata.nl\/wp-content\/uploads\/2025\/10\/Puur-Data_illustraties-19-1536x1536.png 1536w, https:\/\/puurdata.nl\/wp-content\/uploads\/2025\/10\/Puur-Data_illustraties-19-2048x2048.png 2048w, https:\/\/puurdata.nl\/wp-content\/uploads\/2025\/10\/Puur-Data_illustraties-19-12x12.png 12w, https:\/\/puurdata.nl\/wp-content\/uploads\/2025\/10\/Puur-Data_illustraties-19-140x140.png 140w, https:\/\/puurdata.nl\/wp-content\/uploads\/2025\/10\/Puur-Data_illustraties-19-100x100.png 100w, https:\/\/puurdata.nl\/wp-content\/uploads\/2025\/10\/Puur-Data_illustraties-19-500x500.png 500w, https:\/\/puurdata.nl\/wp-content\/uploads\/2025\/10\/Puur-Data_illustraties-19-350x350.png 350w, https:\/\/puurdata.nl\/wp-content\/uploads\/2025\/10\/Puur-Data_illustraties-19-1000x1000.png 1000w, https:\/\/puurdata.nl\/wp-content\/uploads\/2025\/10\/Puur-Data_illustraties-19-800x800.png 800w\" sizes=\"auto, (max-width: 2560px) 100vw, 2560px\" \/>\n          <\/div>\n        <\/div>\n      <\/div>\n    <\/div>\n\t\t<\/div> \n\t<\/div>\n\t<\/div> \n\n\t<div  class=\"vc_col-sm-6 wpb_column column_container vc_column_container col child_column padding-2-percent inherit_tablet inherit_phone\"   data-padding-pos=\"left\" data-has-bg-color=\"false\" data-bg-color=\"\" data-bg-opacity=\"1\" data-animation=\"\" data-delay=\"0\" >\n\t\t<div class=\"vc_column-inner\" >\n\t\t<div class=\"wpb_wrapper\">\n\t\t\t<h3 style=\"text-align: left\" class=\"vc_custom_heading vc_do_custom_heading\" >Mehr als nur Speicher: eine Engine f\u00fcr Erkenntnisse<\/h3>\n<div class=\"wpb_text_column wpb_content_element\" >\n\t<div class=\"wpb_wrapper\">\n\t\t<p>Dank unserer Erfahrung in Datentechnik und Sucharchitekturen stellen wir sicher, dass Ihr Data Lake nicht nur als Speicherschicht, sondern auch als Engine f\u00fcr Erkenntnisse fungiert. Integrationen mit Suche, KI und Dashboards schaffen eine leistungsstarke Datenkette \u2013 bereit f\u00fcr Wachstum, Innovation und Entscheidungsfindung.<\/p>\n\t<\/div>\n<\/div>\n\n\n\n\n\t\t<\/div> \n\t<\/div>\n\t<\/div> \n<\/div><\/div>\n\t\t\t<\/div> \n\t\t<\/div>\n\t<\/div> \n<\/div><\/div>\n\t\t<div id=\"fws_69dff7663f341\"  data-column-margin=\"default\" data-midnight=\"light\"  class=\"wpb_row vc_row-fluid vc_row full-width-content vc_row-o-equal-height vc_row-flex vc_row-o-content-top\"  style=\"padding-top: 50px; padding-bottom: 50px; \"><div class=\"row-bg-wrap\" data-bg-animation=\"none\" data-bg-animation-delay=\"\" data-bg-overlay=\"false\"><div class=\"inner-wrap row-bg-layer\" ><div class=\"row-bg viewport-desktop using-bg-color\"  style=\"background-color: #e9812e; \"><\/div><\/div><\/div><div class=\"row_col_wrap_12 col span_12 light left\">\n\t<div  class=\"vc_col-sm-3 wpb_column column_container vc_column_container col no-extra-padding inherit_tablet inherit_phone\"  data-padding-pos=\"all\" data-has-bg-color=\"false\" data-bg-color=\"\" data-bg-opacity=\"1\" data-animation=\"\" data-delay=\"0\" >\n\t\t<div class=\"vc_column-inner\" >\n\t\t\t<div class=\"wpb_wrapper\">\n\t\t\t\t\n\t\t\t<\/div> \n\t\t<\/div>\n\t<\/div> \n\n\t<div  class=\"vc_col-sm-6 wpb_column column_container vc_column_container col centered-text no-extra-padding inherit_tablet inherit_phone\"  data-padding-pos=\"all\" data-has-bg-color=\"false\" data-bg-color=\"\" data-bg-opacity=\"1\" data-animation=\"\" data-delay=\"0\" >\n\t\t<div class=\"vc_column-inner\" >\n\t\t\t<div class=\"wpb_wrapper\">\n\t\t\t\t<h3 style=\"color: #ffffff;text-align: center;font-family:Abril Fatface;font-weight:400;font-style:normal\" class=\"vc_custom_heading vc_do_custom_heading\" >Mehr wissen?<\/h3>\n<div class=\"wpb_text_column wpb_content_element\" >\n\t<div class=\"wpb_wrapper\">\n\t\t<p style=\"text-align: center;\"><strong>Sie fragen sich, ob Ihr Unternehmen f\u00fcr einen skalierbaren Datensee bereit ist?<\/strong><br \/>\nVereinbaren Sie ein unverbindliches Beratungsgespr\u00e4ch mit unseren Ingenieuren. Wir unterst\u00fctzen Sie gerne bei der Neuausrichtung.<\/p>\n\t<\/div>\n<\/div>\n\n\n\n<a class=\"nectar-button large regular accent-color  regular-button\"  role=\"button\" style=\"color: #e9812e; background-color: #ffffff;\"  href=\"https:\/\/puurdata.nl\/de\/kontakt\/\" data-color-override=\"#ffffff\" data-hover-color-override=\"false\" data-hover-text-color-override=\"#fff\"><span>Beratungstermin vereinbaren<\/span><\/a>\n\t\t\t<\/div> \n\t\t<\/div>\n\t<\/div> \n\n\t<div  class=\"vc_col-sm-3 wpb_column column_container vc_column_container col no-extra-padding inherit_tablet inherit_phone\"  data-padding-pos=\"all\" data-has-bg-color=\"false\" data-bg-color=\"\" data-bg-opacity=\"1\" data-animation=\"\" data-delay=\"0\" >\n\t\t<div class=\"vc_column-inner\" >\n\t\t\t<div class=\"wpb_wrapper\">\n\t\t\t\t\n\t\t\t<\/div> \n\t\t<\/div>\n\t<\/div> \n<\/div><\/div>","protected":false},"excerpt":{"rendered":"Data Lake Eine solide Grundlage f\u00fcr alle Ihre Datenstr\u00f6me Zentraler Speicher f\u00fcr wachsende Datenstr\u00f6me Ein gut konzipierter Data Lake bildet die Grundlage f\u00fcr zuverl\u00e4ssige Analysen, Dashboards und KI-L\u00f6sungen. Er bietet...","protected":false},"author":5,"featured_media":2644,"parent":3210,"menu_order":0,"comment_status":"closed","ping_status":"closed","template":"","meta":{"content-type":"","footnotes":""},"class_list":["post-3284","page","type-page","status-publish","has-post-thumbnail"],"yoast_head":"<!-- This site is optimized with the Yoast SEO plugin v27.3 - https:\/\/yoast.com\/product\/yoast-seo-wordpress\/ -->\n<title>Data Lake - PuurData<\/title>\n<meta name=\"description\" content=\"Een door PuurData ontworpen data lake vormt het fundament voor betrouwbare analyses, dashboards en AI-oplossingen.\" \/>\n<meta name=\"robots\" content=\"index, follow, max-snippet:-1, max-image-preview:large, max-video-preview:-1\" \/>\n<link rel=\"canonical\" href=\"https:\/\/puurdata.nl\/de\/datenverarbeitung\/datensee\/\" \/>\n<meta name=\"twitter:label1\" content=\"Gesch\u00e4tzte Lesezeit\" \/>\n\t<meta name=\"twitter:data1\" content=\"2\u00a0Minuten\" \/>\n<script type=\"application\/ld+json\" class=\"yoast-schema-graph\">{\"@context\":\"https:\\\/\\\/schema.org\",\"@graph\":[{\"@type\":\"WebPage\",\"@id\":\"https:\\\/\\\/puurdata.nl\\\/data-engineering\\\/data-lake\\\/\",\"url\":\"https:\\\/\\\/puurdata.nl\\\/data-engineering\\\/data-lake\\\/\",\"name\":\"Data Lake - PuurData\",\"isPartOf\":{\"@id\":\"https:\\\/\\\/puurdata.nl\\\/#website\"},\"primaryImageOfPage\":{\"@id\":\"https:\\\/\\\/puurdata.nl\\\/data-engineering\\\/data-lake\\\/#primaryimage\"},\"image\":{\"@id\":\"https:\\\/\\\/puurdata.nl\\\/data-engineering\\\/data-lake\\\/#primaryimage\"},\"thumbnailUrl\":\"https:\\\/\\\/puurdata.nl\\\/wp-content\\\/uploads\\\/2025\\\/01\\\/shutterstock_2058573251-scaled.jpg\",\"datePublished\":\"2025-07-03T10:29:50+00:00\",\"dateModified\":\"2025-10-23T11:28:50+00:00\",\"description\":\"Een door PuurData ontworpen data lake vormt het fundament voor betrouwbare analyses, dashboards en AI-oplossingen.\",\"breadcrumb\":{\"@id\":\"https:\\\/\\\/puurdata.nl\\\/data-engineering\\\/data-lake\\\/#breadcrumb\"},\"inLanguage\":\"de\",\"potentialAction\":[{\"@type\":\"ReadAction\",\"target\":[\"https:\\\/\\\/puurdata.nl\\\/data-engineering\\\/data-lake\\\/\"]}]},{\"@type\":\"ImageObject\",\"inLanguage\":\"de\",\"@id\":\"https:\\\/\\\/puurdata.nl\\\/data-engineering\\\/data-lake\\\/#primaryimage\",\"url\":\"https:\\\/\\\/puurdata.nl\\\/wp-content\\\/uploads\\\/2025\\\/01\\\/shutterstock_2058573251-scaled.jpg\",\"contentUrl\":\"https:\\\/\\\/puurdata.nl\\\/wp-content\\\/uploads\\\/2025\\\/01\\\/shutterstock_2058573251-scaled.jpg\",\"width\":2560,\"height\":1440,\"caption\":\"Global communication network concept. Environmental technology. Sustainable development goals. SDGs.\"},{\"@type\":\"BreadcrumbList\",\"@id\":\"https:\\\/\\\/puurdata.nl\\\/data-engineering\\\/data-lake\\\/#breadcrumb\",\"itemListElement\":[{\"@type\":\"ListItem\",\"position\":1,\"name\":\"Home\",\"item\":\"https:\\\/\\\/puurdata.nl\\\/\"},{\"@type\":\"ListItem\",\"position\":2,\"name\":\"Data Engineering\",\"item\":\"https:\\\/\\\/puurdata.nl\\\/data-engineering\\\/\"},{\"@type\":\"ListItem\",\"position\":3,\"name\":\"Data Lake\"}]},{\"@type\":\"WebSite\",\"@id\":\"https:\\\/\\\/puurdata.nl\\\/#website\",\"url\":\"https:\\\/\\\/puurdata.nl\\\/\",\"name\":\"PuurData\",\"description\":\"PuurData\",\"potentialAction\":[{\"@type\":\"SearchAction\",\"target\":{\"@type\":\"EntryPoint\",\"urlTemplate\":\"https:\\\/\\\/puurdata.nl\\\/?s={search_term_string}\"},\"query-input\":{\"@type\":\"PropertyValueSpecification\",\"valueRequired\":true,\"valueName\":\"search_term_string\"}}],\"inLanguage\":\"de\"}]}<\/script>\n<!-- \/ Yoast SEO plugin. -->","yoast_head_json":{"title":"Data Lake - PuurData","description":"Ein von PuurData entwickelter Data Lake bildet die Grundlage f\u00fcr zuverl\u00e4ssige Analysen, Dashboards und KI-L\u00f6sungen.","robots":{"index":"index","follow":"follow","max-snippet":"max-snippet:-1","max-image-preview":"max-image-preview:large","max-video-preview":"max-video-preview:-1"},"canonical":"https:\/\/puurdata.nl\/de\/datenverarbeitung\/datensee\/","twitter_misc":{"Gesch\u00e4tzte Lesezeit":"2\u00a0Minuten"},"schema":{"@context":"https:\/\/schema.org","@graph":[{"@type":"WebPage","@id":"https:\/\/puurdata.nl\/data-engineering\/data-lake\/","url":"https:\/\/puurdata.nl\/data-engineering\/data-lake\/","name":"Data Lake - PuurData","isPartOf":{"@id":"https:\/\/puurdata.nl\/#website"},"primaryImageOfPage":{"@id":"https:\/\/puurdata.nl\/data-engineering\/data-lake\/#primaryimage"},"image":{"@id":"https:\/\/puurdata.nl\/data-engineering\/data-lake\/#primaryimage"},"thumbnailUrl":"https:\/\/puurdata.nl\/wp-content\/uploads\/2025\/01\/shutterstock_2058573251-scaled.jpg","datePublished":"2025-07-03T10:29:50+00:00","dateModified":"2025-10-23T11:28:50+00:00","description":"Ein von PuurData entwickelter Data Lake bildet die Grundlage f\u00fcr zuverl\u00e4ssige Analysen, Dashboards und KI-L\u00f6sungen.","breadcrumb":{"@id":"https:\/\/puurdata.nl\/data-engineering\/data-lake\/#breadcrumb"},"inLanguage":"de","potentialAction":[{"@type":"ReadAction","target":["https:\/\/puurdata.nl\/data-engineering\/data-lake\/"]}]},{"@type":"ImageObject","inLanguage":"de","@id":"https:\/\/puurdata.nl\/data-engineering\/data-lake\/#primaryimage","url":"https:\/\/puurdata.nl\/wp-content\/uploads\/2025\/01\/shutterstock_2058573251-scaled.jpg","contentUrl":"https:\/\/puurdata.nl\/wp-content\/uploads\/2025\/01\/shutterstock_2058573251-scaled.jpg","width":2560,"height":1440,"caption":"Global communication network concept. Environmental technology. Sustainable development goals. SDGs."},{"@type":"BreadcrumbList","@id":"https:\/\/puurdata.nl\/data-engineering\/data-lake\/#breadcrumb","itemListElement":[{"@type":"ListItem","position":1,"name":"Home","item":"https:\/\/puurdata.nl\/"},{"@type":"ListItem","position":2,"name":"Data Engineering","item":"https:\/\/puurdata.nl\/data-engineering\/"},{"@type":"ListItem","position":3,"name":"Data Lake"}]},{"@type":"WebSite","@id":"https:\/\/puurdata.nl\/#website","url":"https:\/\/puurdata.nl\/","name":"PuurData","description":"PuurData","potentialAction":[{"@type":"SearchAction","target":{"@type":"EntryPoint","urlTemplate":"https:\/\/puurdata.nl\/?s={search_term_string}"},"query-input":{"@type":"PropertyValueSpecification","valueRequired":true,"valueName":"search_term_string"}}],"inLanguage":"de"}]}},"_links":{"self":[{"href":"https:\/\/puurdata.nl\/de\/wp-json\/wp\/v2\/pages\/3284","targetHints":{"allow":["GET"]}}],"collection":[{"href":"https:\/\/puurdata.nl\/de\/wp-json\/wp\/v2\/pages"}],"about":[{"href":"https:\/\/puurdata.nl\/de\/wp-json\/wp\/v2\/types\/page"}],"author":[{"embeddable":true,"href":"https:\/\/puurdata.nl\/de\/wp-json\/wp\/v2\/users\/5"}],"replies":[{"embeddable":true,"href":"https:\/\/puurdata.nl\/de\/wp-json\/wp\/v2\/comments?post=3284"}],"version-history":[{"count":10,"href":"https:\/\/puurdata.nl\/de\/wp-json\/wp\/v2\/pages\/3284\/revisions"}],"predecessor-version":[{"id":3775,"href":"https:\/\/puurdata.nl\/de\/wp-json\/wp\/v2\/pages\/3284\/revisions\/3775"}],"up":[{"embeddable":true,"href":"https:\/\/puurdata.nl\/de\/wp-json\/wp\/v2\/pages\/3210"}],"wp:featuredmedia":[{"embeddable":true,"href":"https:\/\/puurdata.nl\/de\/wp-json\/wp\/v2\/media\/2644"}],"wp:attachment":[{"href":"https:\/\/puurdata.nl\/de\/wp-json\/wp\/v2\/media?parent=3284"}],"curies":[{"name":"wp","href":"https:\/\/api.w.org\/{rel}","templated":true}]}}