{"id":3304,"date":"2025-07-03T13:56:15","date_gmt":"2025-07-03T11:56:15","guid":{"rendered":"https:\/\/staging.puurdata.nl\/?page_id=3304"},"modified":"2025-10-23T13:37:22","modified_gmt":"2025-10-23T11:37:22","slug":"datentransformation","status":"publish","type":"page","link":"https:\/\/puurdata.nl\/de\/data-engineering\/data-transformation\/","title":{"rendered":"Datentransformation"},"content":{"rendered":"<div id=\"fws_69dfc28044940\"  data-column-margin=\"default\" data-midnight=\"dark\"  class=\"wpb_row vc_row-fluid vc_row full-width-section headerBox\"  style=\"padding-top: 0px; padding-bottom: 0px; \"><div class=\"row-bg-wrap\" data-bg-animation=\"none\" data-bg-animation-delay=\"\" data-bg-overlay=\"false\"><div class=\"inner-wrap row-bg-layer using-image\" ><div class=\"row-bg viewport-desktop using-image using-bg-color\"  style=\"background-image: url(https:\/\/puurdata.nl\/wp-content\/uploads\/2019\/07\/header.png); background-position: center bottom; background-repeat: no-repeat; background-color: #ffffff; \"><\/div><\/div><\/div><div class=\"row_col_wrap_12 col span_12 dark left\">\n\t<div  class=\"vc_col-sm-12 wpb_column column_container vc_column_container col no-extra-padding inherit_tablet inherit_phone\"  data-padding-pos=\"all\" data-has-bg-color=\"false\" data-bg-color=\"\" data-bg-opacity=\"1\" data-animation=\"\" data-delay=\"0\" >\n\t\t<div class=\"vc_column-inner\" >\n\t\t\t<div class=\"wpb_wrapper\">\n\t\t\t\t<div id=\"fws_69dfc280455aa\" data-midnight=\"\" data-column-margin=\"default\" class=\"wpb_row vc_row-fluid vc_row inner_row vc_row-o-equal-height vc_row-flex vc_row-o-content-middle\"  style=\"padding-top: 10%; padding-bottom: 20%; \"><div class=\"row-bg-wrap\"> <div class=\"row-bg\" ><\/div> <\/div><div class=\"row_col_wrap_12_inner col span_12  left\">\n\t<div  class=\"vc_col-sm-8 wpb_column column_container vc_column_container col child_column padding-2-percent inherit_tablet inherit_phone\"   data-padding-pos=\"right\" data-has-bg-color=\"false\" data-bg-color=\"\" data-bg-opacity=\"1\" data-animation=\"\" data-delay=\"0\" >\n\t\t<div class=\"vc_column-inner\" >\n\t\t<div class=\"wpb_wrapper\">\n\t\t\t<h1 style=\"text-align: left\" class=\"vc_custom_heading vc_do_custom_heading headerText\" >Datentransformation<\/h1>\n<div class=\"wpb_text_column wpb_content_element  headerText\" >\n\t<div class=\"wpb_wrapper\">\n\t\t<h4>Von Rohdaten zur nutzbaren Form<\/h4>\n\t<\/div>\n<\/div>\n\n\n\n\n\t\t<\/div> \n\t<\/div>\n\t<\/div> \n\n\t<div  class=\"vc_col-sm-4 wpb_column column_container vc_column_container col child_column padding-2-percent inherit_tablet inherit_phone\"   data-padding-pos=\"left\" data-has-bg-color=\"false\" data-bg-color=\"\" data-bg-opacity=\"1\" data-animation=\"\" data-delay=\"0\" >\n\t\t<div class=\"vc_column-inner\" >\n\t\t<div class=\"wpb_wrapper\">\n\t\t\t\n\t\t<\/div> \n\t<\/div>\n\t<\/div> \n<\/div><\/div>\n\t\t\t<\/div> \n\t\t<\/div>\n\t<\/div> \n<\/div><\/div>\n\t\t<div id=\"fws_69dfc28046f1d\"  data-column-margin=\"default\" data-midnight=\"dark\"  class=\"wpb_row vc_row-fluid vc_row full-width-section\"  style=\"padding-top: 100px; padding-bottom: 50px; \"><div class=\"row-bg-wrap\" data-bg-animation=\"none\" data-bg-animation-delay=\"\" data-bg-overlay=\"false\"><div class=\"inner-wrap row-bg-layer\" ><div class=\"row-bg viewport-desktop using-bg-color\"  style=\"background-color: #ffffff; \"><\/div><\/div><\/div><div class=\"row_col_wrap_12 col span_12 dark left\">\n\t<div  class=\"vc_col-sm-12 wpb_column column_container vc_column_container col no-extra-padding inherit_tablet inherit_phone\"  data-padding-pos=\"all\" data-has-bg-color=\"false\" data-bg-color=\"\" data-bg-opacity=\"1\" data-animation=\"\" data-delay=\"0\" >\n\t\t<div class=\"vc_column-inner\" >\n\t\t\t<div class=\"wpb_wrapper\">\n\t\t\t\t<div id=\"fws_69dfc2804776c\" data-midnight=\"\" data-column-margin=\"default\" class=\"wpb_row vc_row-fluid vc_row inner_row vc_row-o-equal-height vc_row-flex vc_row-o-content-middle\"  style=\"\"><div class=\"row-bg-wrap\"> <div class=\"row-bg\" ><\/div> <\/div><div class=\"row_col_wrap_12_inner col span_12  left\">\n\t<div  class=\"vc_col-sm-6 wpb_column column_container vc_column_container col child_column padding-2-percent inherit_tablet inherit_phone\"   data-padding-pos=\"right\" data-has-bg-color=\"false\" data-bg-color=\"\" data-bg-opacity=\"1\" data-animation=\"\" data-delay=\"0\" >\n\t\t<div class=\"vc_column-inner\" >\n\t\t<div class=\"wpb_wrapper\">\n\t\t\t<div class=\"img-with-aniamtion-wrap center\" data-max-width=\"100%\" data-max-width-mobile=\"default\" data-shadow=\"none\" data-animation=\"fade-in\" >\n      <div class=\"inner\">\n        <div class=\"hover-wrap\"> \n          <div class=\"hover-wrap-inner\">\n            <img loading=\"lazy\" decoding=\"async\" class=\"img-with-animation skip-lazy\" data-delay=\"0\" height=\"756\" width=\"756\" data-animation=\"fade-in\" src=\"https:\/\/puurdata.nl\/wp-content\/uploads\/2025\/10\/Puur-Data_iconen__Data-Transformation.png\" alt=\"\" srcset=\"https:\/\/puurdata.nl\/wp-content\/uploads\/2025\/10\/Puur-Data_iconen__Data-Transformation.png 756w, https:\/\/puurdata.nl\/wp-content\/uploads\/2025\/10\/Puur-Data_iconen__Data-Transformation-300x300.png 300w, https:\/\/puurdata.nl\/wp-content\/uploads\/2025\/10\/Puur-Data_iconen__Data-Transformation-150x150.png 150w, https:\/\/puurdata.nl\/wp-content\/uploads\/2025\/10\/Puur-Data_iconen__Data-Transformation-12x12.png 12w, https:\/\/puurdata.nl\/wp-content\/uploads\/2025\/10\/Puur-Data_iconen__Data-Transformation-140x140.png 140w, https:\/\/puurdata.nl\/wp-content\/uploads\/2025\/10\/Puur-Data_iconen__Data-Transformation-100x100.png 100w, https:\/\/puurdata.nl\/wp-content\/uploads\/2025\/10\/Puur-Data_iconen__Data-Transformation-500x500.png 500w, https:\/\/puurdata.nl\/wp-content\/uploads\/2025\/10\/Puur-Data_iconen__Data-Transformation-350x350.png 350w\" sizes=\"auto, (max-width: 756px) 100vw, 756px\" \/>\n          <\/div>\n        <\/div>\n      <\/div>\n    <\/div>\n\t\t<\/div> \n\t<\/div>\n\t<\/div> \n\n\t<div  class=\"vc_col-sm-6 wpb_column column_container vc_column_container col child_column padding-2-percent inherit_tablet inherit_phone\"   data-padding-pos=\"left\" data-has-bg-color=\"false\" data-bg-color=\"\" data-bg-opacity=\"1\" data-animation=\"\" data-delay=\"0\" >\n\t\t<div class=\"vc_column-inner\" >\n\t\t<div class=\"wpb_wrapper\">\n\t\t\t<h3 style=\"text-align: left;font-family:Abril Fatface;font-weight:400;font-style:normal\" class=\"vc_custom_heading vc_do_custom_heading\" >Verwandeln Sie Ihre Daten in Werte<\/h3>\n<div class=\"wpb_text_column wpb_content_element\" >\n\t<div class=\"wpb_wrapper\">\n\t\t<p>Rohdaten sind oft unvollst\u00e4ndig, unorganisiert oder schwer zu verwenden. Mit Datentransformation bringen wir Daten in eine praktikable Form \u2013 strukturiert, angereichert und auf Ihre Anwendungen zugeschnitten. Von Formatkonvertierungen \u00fcber die Zusammenf\u00fchrung von Quellen bis hin zur Ableitung neuer Felder stellen wir die Genauigkeit und Kompatibilit\u00e4t Ihrer Daten sicher.<\/p>\n\t<\/div>\n<\/div>\n\n\n\n\n\t\t<\/div> \n\t<\/div>\n\t<\/div> \n<\/div><\/div>\n\t\t\t<\/div> \n\t\t<\/div>\n\t<\/div> \n<\/div><\/div>\n\t\t<div id=\"fws_69dfc280494ea\"  data-column-margin=\"default\" data-midnight=\"dark\"  class=\"wpb_row vc_row-fluid vc_row full-width-section\"  style=\"padding-top: 50px; padding-bottom: 100px; \"><div class=\"row-bg-wrap\" data-bg-animation=\"none\" data-bg-animation-delay=\"\" data-bg-overlay=\"false\"><div class=\"inner-wrap row-bg-layer\" ><div class=\"row-bg viewport-desktop using-bg-color\"  style=\"background-color: #ffffff; \"><\/div><\/div><\/div><div class=\"row_col_wrap_12 col span_12 dark left\">\n\t<div  class=\"vc_col-sm-12 wpb_column column_container vc_column_container col no-extra-padding inherit_tablet inherit_phone\"  data-padding-pos=\"all\" data-has-bg-color=\"false\" data-bg-color=\"\" data-bg-opacity=\"1\" data-animation=\"\" data-delay=\"0\" >\n\t\t<div class=\"vc_column-inner\" >\n\t\t\t<div class=\"wpb_wrapper\">\n\t\t\t\t<div id=\"fws_69dfc28049c7d\" data-midnight=\"\" data-column-margin=\"default\" class=\"wpb_row vc_row-fluid vc_row inner_row vc_row-o-equal-height vc_row-flex vc_row-o-content-middle\"  style=\"\"><div class=\"row-bg-wrap\"> <div class=\"row-bg\" ><\/div> <\/div><div class=\"row_col_wrap_12_inner col span_12  left\">\n\t<div  class=\"vc_col-sm-6 wpb_column column_container vc_column_container col child_column padding-2-percent inherit_tablet inherit_phone\"   data-padding-pos=\"right\" data-has-bg-color=\"false\" data-bg-color=\"\" data-bg-opacity=\"1\" data-animation=\"\" data-delay=\"0\" >\n\t\t<div class=\"vc_column-inner\" >\n\t\t<div class=\"wpb_wrapper\">\n\t\t\t<h3 style=\"text-align: left\" class=\"vc_custom_heading vc_do_custom_heading\" >Flexibles und skalierbares Design<\/h3>\n<div class=\"wpb_text_column wpb_content_element\" >\n\t<div class=\"wpb_wrapper\">\n\t\t<p>Wir verwenden Techniken und Tools, die auf Ihre Datenstruktur und Technologien zugeschnitten sind \u2013 egal ob Stapelverarbeitung, Echtzeit-Streaming oder Ereignisverarbeitung. Unsere Transformationslogik ist wiederverwendbar und skalierbar, sodass Sie nicht bei jeder \u00c4nderung Ihrer Daten oder Abfragen von vorne beginnen m\u00fcssen.<\/p>\n\t<\/div>\n<\/div>\n\n\n\n\n\t\t<\/div> \n\t<\/div>\n\t<\/div> \n\n\t<div  class=\"vc_col-sm-6 wpb_column column_container vc_column_container col child_column padding-2-percent inherit_tablet inherit_phone\"   data-padding-pos=\"left\" data-has-bg-color=\"false\" data-bg-color=\"\" data-bg-opacity=\"1\" data-animation=\"\" data-delay=\"0\" >\n\t\t<div class=\"vc_column-inner\" >\n\t\t<div class=\"wpb_wrapper\">\n\t\t\t<div class=\"img-with-aniamtion-wrap center\" data-max-width=\"75%\" data-max-width-mobile=\"default\" data-shadow=\"none\" data-animation=\"fade-in\" >\n      <div class=\"inner\">\n        <div class=\"hover-wrap\"> \n          <div class=\"hover-wrap-inner\">\n            <img loading=\"lazy\" decoding=\"async\" class=\"img-with-animation skip-lazy\" data-delay=\"0\" height=\"2560\" width=\"2560\" data-animation=\"fade-in\" src=\"https:\/\/puurdata.nl\/wp-content\/uploads\/2025\/10\/Puur-Data_illustraties-16-scaled.png\" alt=\"\" srcset=\"https:\/\/puurdata.nl\/wp-content\/uploads\/2025\/10\/Puur-Data_illustraties-16-scaled.png 2560w, https:\/\/puurdata.nl\/wp-content\/uploads\/2025\/10\/Puur-Data_illustraties-16-300x300.png 300w, https:\/\/puurdata.nl\/wp-content\/uploads\/2025\/10\/Puur-Data_illustraties-16-1024x1024.png 1024w, https:\/\/puurdata.nl\/wp-content\/uploads\/2025\/10\/Puur-Data_illustraties-16-150x150.png 150w, https:\/\/puurdata.nl\/wp-content\/uploads\/2025\/10\/Puur-Data_illustraties-16-768x768.png 768w, https:\/\/puurdata.nl\/wp-content\/uploads\/2025\/10\/Puur-Data_illustraties-16-1536x1536.png 1536w, https:\/\/puurdata.nl\/wp-content\/uploads\/2025\/10\/Puur-Data_illustraties-16-2048x2048.png 2048w, https:\/\/puurdata.nl\/wp-content\/uploads\/2025\/10\/Puur-Data_illustraties-16-12x12.png 12w, https:\/\/puurdata.nl\/wp-content\/uploads\/2025\/10\/Puur-Data_illustraties-16-140x140.png 140w, https:\/\/puurdata.nl\/wp-content\/uploads\/2025\/10\/Puur-Data_illustraties-16-100x100.png 100w, https:\/\/puurdata.nl\/wp-content\/uploads\/2025\/10\/Puur-Data_illustraties-16-500x500.png 500w, https:\/\/puurdata.nl\/wp-content\/uploads\/2025\/10\/Puur-Data_illustraties-16-350x350.png 350w, https:\/\/puurdata.nl\/wp-content\/uploads\/2025\/10\/Puur-Data_illustraties-16-1000x1000.png 1000w, https:\/\/puurdata.nl\/wp-content\/uploads\/2025\/10\/Puur-Data_illustraties-16-800x800.png 800w\" sizes=\"auto, (max-width: 2560px) 100vw, 2560px\" \/>\n          <\/div>\n        <\/div>\n      <\/div>\n    <\/div>\n\t\t<\/div> \n\t<\/div>\n\t<\/div> \n<\/div><\/div>\n\t\t\t<\/div> \n\t\t<\/div>\n\t<\/div> \n<\/div><\/div>\n\t\t<div id=\"fws_69dfc2804b82e\"  data-column-margin=\"default\" data-midnight=\"dark\"  class=\"wpb_row vc_row-fluid vc_row full-width-section\"  style=\"padding-top: 50px; padding-bottom: 50px; \"><div class=\"row-bg-wrap\" data-bg-animation=\"none\" data-bg-animation-delay=\"\" data-bg-overlay=\"false\"><div class=\"inner-wrap row-bg-layer\" ><div class=\"row-bg viewport-desktop\"  style=\"\"><\/div><\/div><\/div><div class=\"row_col_wrap_12 col span_12 dark left\">\n\t<div  class=\"vc_col-sm-12 wpb_column column_container vc_column_container col no-extra-padding inherit_tablet inherit_phone\"  data-padding-pos=\"all\" data-has-bg-color=\"false\" data-bg-color=\"\" data-bg-opacity=\"1\" data-animation=\"\" data-delay=\"0\" >\n\t\t<div class=\"vc_column-inner\" >\n\t\t\t<div class=\"wpb_wrapper\">\n\t\t\t\t<div id=\"fws_69dfc2804bfb4\" data-midnight=\"\" data-column-margin=\"default\" class=\"wpb_row vc_row-fluid vc_row inner_row vc_row-o-equal-height vc_row-flex vc_row-o-content-middle\"  style=\"\"><div class=\"row-bg-wrap\"> <div class=\"row-bg\" ><\/div> <\/div><div class=\"row_col_wrap_12_inner col span_12  left\">\n\t<div  class=\"vc_col-sm-6 wpb_column column_container vc_column_container col child_column padding-2-percent inherit_tablet inherit_phone\"   data-padding-pos=\"right\" data-has-bg-color=\"false\" data-bg-color=\"\" data-bg-opacity=\"1\" data-animation=\"\" data-delay=\"0\" >\n\t\t<div class=\"vc_column-inner\" >\n\t\t<div class=\"wpb_wrapper\">\n\t\t\t<div class=\"img-with-aniamtion-wrap center\" data-max-width=\"75%\" data-max-width-mobile=\"default\" data-shadow=\"none\" data-animation=\"fade-in\" >\n      <div class=\"inner\">\n        <div class=\"hover-wrap\"> \n          <div class=\"hover-wrap-inner\">\n            <img loading=\"lazy\" decoding=\"async\" class=\"img-with-animation skip-lazy\" data-delay=\"0\" height=\"2409\" width=\"3558\" data-animation=\"fade-in\" src=\"https:\/\/puurdata.nl\/wp-content\/uploads\/2019\/07\/Search1.svg\" alt=\"\"  \/>\n          <\/div>\n        <\/div>\n      <\/div>\n    <\/div>\n\t\t<\/div> \n\t<\/div>\n\t<\/div> \n\n\t<div  class=\"vc_col-sm-6 wpb_column column_container vc_column_container col child_column padding-2-percent inherit_tablet inherit_phone\"   data-padding-pos=\"left\" data-has-bg-color=\"false\" data-bg-color=\"\" data-bg-opacity=\"1\" data-animation=\"\" data-delay=\"0\" >\n\t\t<div class=\"vc_column-inner\" >\n\t\t<div class=\"wpb_wrapper\">\n\t\t\t<h3 style=\"text-align: left\" class=\"vc_custom_heading vc_do_custom_heading\" >Bereit f\u00fcr Suche, Dashboards oder KI<\/h3>\n<div class=\"wpb_text_column wpb_content_element\" >\n\t<div class=\"wpb_wrapper\">\n\t\t<p>Eine gute Transformationsschicht ist die Br\u00fccke zu intelligenten Anwendungen: Sie stellt sicher, dass Dashboards pr\u00e4zise Daten erhalten, Suchergebnisse relevant sind und KI-Modelle mit zuverl\u00e4ssigen, kontextbezogenen Daten versorgt werden. So sch\u00f6pfen Sie den wahren Wert Ihrer Datenstr\u00f6me.<\/p>\n\t<\/div>\n<\/div>\n\n\n\n\n\t\t<\/div> \n\t<\/div>\n\t<\/div> \n<\/div><\/div>\n\t\t\t<\/div> \n\t\t<\/div>\n\t<\/div> \n<\/div><\/div>\n\t\t<div id=\"fws_69dfc2804da1e\"  data-column-margin=\"default\" data-midnight=\"light\"  class=\"wpb_row vc_row-fluid vc_row full-width-content vc_row-o-equal-height vc_row-flex vc_row-o-content-top\"  style=\"padding-top: 50px; padding-bottom: 50px; \"><div class=\"row-bg-wrap\" data-bg-animation=\"none\" data-bg-animation-delay=\"\" data-bg-overlay=\"false\"><div class=\"inner-wrap row-bg-layer\" ><div class=\"row-bg viewport-desktop using-bg-color\"  style=\"background-color: #e9812e; \"><\/div><\/div><\/div><div class=\"row_col_wrap_12 col span_12 light left\">\n\t<div  class=\"vc_col-sm-3 wpb_column column_container vc_column_container col no-extra-padding inherit_tablet inherit_phone\"  data-padding-pos=\"all\" data-has-bg-color=\"false\" data-bg-color=\"\" data-bg-opacity=\"1\" data-animation=\"\" data-delay=\"0\" >\n\t\t<div class=\"vc_column-inner\" >\n\t\t\t<div class=\"wpb_wrapper\">\n\t\t\t\t\n\t\t\t<\/div> \n\t\t<\/div>\n\t<\/div> \n\n\t<div  class=\"vc_col-sm-6 wpb_column column_container vc_column_container col centered-text no-extra-padding inherit_tablet inherit_phone\"  data-padding-pos=\"all\" data-has-bg-color=\"false\" data-bg-color=\"\" data-bg-opacity=\"1\" data-animation=\"\" data-delay=\"0\" >\n\t\t<div class=\"vc_column-inner\" >\n\t\t\t<div class=\"wpb_wrapper\">\n\t\t\t\t<h3 style=\"color: #ffffff;text-align: center;font-family:Abril Fatface;font-weight:400;font-style:normal\" class=\"vc_custom_heading vc_do_custom_heading\" >Mehr wissen?<\/h3>\n<div class=\"wpb_text_column wpb_content_element\" >\n\t<div class=\"wpb_wrapper\">\n\t\t<p style=\"text-align: center;\"><strong>M\u00f6chten Sie mehr Kontrolle \u00fcber die Qualit\u00e4t und Anwendbarkeit Ihrer Daten?<\/strong><br \/>\nVereinbaren Sie einen Termin mit unseren Dateningenieuren und erfahren Sie, was eine intelligente Transformation f\u00fcr Sie leisten kann.<\/p>\n\t<\/div>\n<\/div>\n\n\n\n<a class=\"nectar-button large regular accent-color  regular-button\"  role=\"button\" style=\"color: #e9812e; background-color: #ffffff;\"  href=\"https:\/\/puurdata.nl\/de\/kontakt\/\" data-color-override=\"#ffffff\" data-hover-color-override=\"false\" data-hover-text-color-override=\"#fff\"><span>Beratungstermin vereinbaren<\/span><\/a>\n\t\t\t<\/div> \n\t\t<\/div>\n\t<\/div> \n\n\t<div  class=\"vc_col-sm-3 wpb_column column_container vc_column_container col no-extra-padding inherit_tablet inherit_phone\"  data-padding-pos=\"all\" data-has-bg-color=\"false\" data-bg-color=\"\" data-bg-opacity=\"1\" data-animation=\"\" data-delay=\"0\" >\n\t\t<div class=\"vc_column-inner\" >\n\t\t\t<div class=\"wpb_wrapper\">\n\t\t\t\t\n\t\t\t<\/div> \n\t\t<\/div>\n\t<\/div> \n<\/div><\/div>","protected":false},"excerpt":{"rendered":"Datentransformation: Von Rohdaten in nutzbare Form. Verwandeln Sie Ihre Daten in wertvolle Daten. Rohdaten sind oft unvollst\u00e4ndig, unorganisiert oder schwer zu verwenden. Mit Datentransformation transformieren wir Daten...","protected":false},"author":5,"featured_media":2644,"parent":3210,"menu_order":0,"comment_status":"closed","ping_status":"closed","template":"","meta":{"content-type":"","footnotes":""},"class_list":["post-3304","page","type-page","status-publish","has-post-thumbnail"],"yoast_head":"<!-- This site is optimized with the Yoast SEO plugin v27.3 - https:\/\/yoast.com\/product\/yoast-seo-wordpress\/ -->\n<title>Data Transformation - PuurData<\/title>\n<meta name=\"description\" content=\"Met data transformation zetten we data om in een vorm die werkt \u2013 gestructureerd, verrijkt en afgestemd op jouw toepassingen.\" \/>\n<meta name=\"robots\" content=\"index, follow, max-snippet:-1, max-image-preview:large, max-video-preview:-1\" \/>\n<link rel=\"canonical\" href=\"https:\/\/puurdata.nl\/de\/datenverarbeitung\/datentransformation\/\" \/>\n<meta name=\"twitter:label1\" content=\"Gesch\u00e4tzte Lesezeit\" \/>\n\t<meta name=\"twitter:data1\" content=\"2\u00a0Minuten\" \/>\n<script type=\"application\/ld+json\" class=\"yoast-schema-graph\">{\"@context\":\"https:\\\/\\\/schema.org\",\"@graph\":[{\"@type\":\"WebPage\",\"@id\":\"https:\\\/\\\/puurdata.nl\\\/data-engineering\\\/data-transformation\\\/\",\"url\":\"https:\\\/\\\/puurdata.nl\\\/data-engineering\\\/data-transformation\\\/\",\"name\":\"Data Transformation - PuurData\",\"isPartOf\":{\"@id\":\"https:\\\/\\\/puurdata.nl\\\/#website\"},\"primaryImageOfPage\":{\"@id\":\"https:\\\/\\\/puurdata.nl\\\/data-engineering\\\/data-transformation\\\/#primaryimage\"},\"image\":{\"@id\":\"https:\\\/\\\/puurdata.nl\\\/data-engineering\\\/data-transformation\\\/#primaryimage\"},\"thumbnailUrl\":\"https:\\\/\\\/puurdata.nl\\\/wp-content\\\/uploads\\\/2025\\\/01\\\/shutterstock_2058573251-scaled.jpg\",\"datePublished\":\"2025-07-03T11:56:15+00:00\",\"dateModified\":\"2025-10-23T11:37:22+00:00\",\"description\":\"Met data transformation zetten we data om in een vorm die werkt \u2013 gestructureerd, verrijkt en afgestemd op jouw toepassingen.\",\"breadcrumb\":{\"@id\":\"https:\\\/\\\/puurdata.nl\\\/data-engineering\\\/data-transformation\\\/#breadcrumb\"},\"inLanguage\":\"de\",\"potentialAction\":[{\"@type\":\"ReadAction\",\"target\":[\"https:\\\/\\\/puurdata.nl\\\/data-engineering\\\/data-transformation\\\/\"]}]},{\"@type\":\"ImageObject\",\"inLanguage\":\"de\",\"@id\":\"https:\\\/\\\/puurdata.nl\\\/data-engineering\\\/data-transformation\\\/#primaryimage\",\"url\":\"https:\\\/\\\/puurdata.nl\\\/wp-content\\\/uploads\\\/2025\\\/01\\\/shutterstock_2058573251-scaled.jpg\",\"contentUrl\":\"https:\\\/\\\/puurdata.nl\\\/wp-content\\\/uploads\\\/2025\\\/01\\\/shutterstock_2058573251-scaled.jpg\",\"width\":2560,\"height\":1440,\"caption\":\"Global communication network concept. Environmental technology. Sustainable development goals. SDGs.\"},{\"@type\":\"BreadcrumbList\",\"@id\":\"https:\\\/\\\/puurdata.nl\\\/data-engineering\\\/data-transformation\\\/#breadcrumb\",\"itemListElement\":[{\"@type\":\"ListItem\",\"position\":1,\"name\":\"Home\",\"item\":\"https:\\\/\\\/puurdata.nl\\\/\"},{\"@type\":\"ListItem\",\"position\":2,\"name\":\"Data Engineering\",\"item\":\"https:\\\/\\\/puurdata.nl\\\/data-engineering\\\/\"},{\"@type\":\"ListItem\",\"position\":3,\"name\":\"Data Transformation\"}]},{\"@type\":\"WebSite\",\"@id\":\"https:\\\/\\\/puurdata.nl\\\/#website\",\"url\":\"https:\\\/\\\/puurdata.nl\\\/\",\"name\":\"PuurData\",\"description\":\"PuurData\",\"potentialAction\":[{\"@type\":\"SearchAction\",\"target\":{\"@type\":\"EntryPoint\",\"urlTemplate\":\"https:\\\/\\\/puurdata.nl\\\/?s={search_term_string}\"},\"query-input\":{\"@type\":\"PropertyValueSpecification\",\"valueRequired\":true,\"valueName\":\"search_term_string\"}}],\"inLanguage\":\"de\"}]}<\/script>\n<!-- \/ Yoast SEO plugin. -->","yoast_head_json":{"title":"Datentransformation - PuurData","description":"Mit Datentransformation wandeln wir Daten in eine Form um, die funktioniert \u2013 strukturiert, angereichert und auf Ihre Anwendungen zugeschnitten.","robots":{"index":"index","follow":"follow","max-snippet":"max-snippet:-1","max-image-preview":"max-image-preview:large","max-video-preview":"max-video-preview:-1"},"canonical":"https:\/\/puurdata.nl\/de\/datenverarbeitung\/datentransformation\/","twitter_misc":{"Gesch\u00e4tzte Lesezeit":"2\u00a0Minuten"},"schema":{"@context":"https:\/\/schema.org","@graph":[{"@type":"WebPage","@id":"https:\/\/puurdata.nl\/data-engineering\/data-transformation\/","url":"https:\/\/puurdata.nl\/data-engineering\/data-transformation\/","name":"Datentransformation - PuurData","isPartOf":{"@id":"https:\/\/puurdata.nl\/#website"},"primaryImageOfPage":{"@id":"https:\/\/puurdata.nl\/data-engineering\/data-transformation\/#primaryimage"},"image":{"@id":"https:\/\/puurdata.nl\/data-engineering\/data-transformation\/#primaryimage"},"thumbnailUrl":"https:\/\/puurdata.nl\/wp-content\/uploads\/2025\/01\/shutterstock_2058573251-scaled.jpg","datePublished":"2025-07-03T11:56:15+00:00","dateModified":"2025-10-23T11:37:22+00:00","description":"Mit Datentransformation wandeln wir Daten in eine Form um, die funktioniert \u2013 strukturiert, angereichert und auf Ihre Anwendungen zugeschnitten.","breadcrumb":{"@id":"https:\/\/puurdata.nl\/data-engineering\/data-transformation\/#breadcrumb"},"inLanguage":"de","potentialAction":[{"@type":"ReadAction","target":["https:\/\/puurdata.nl\/data-engineering\/data-transformation\/"]}]},{"@type":"ImageObject","inLanguage":"de","@id":"https:\/\/puurdata.nl\/data-engineering\/data-transformation\/#primaryimage","url":"https:\/\/puurdata.nl\/wp-content\/uploads\/2025\/01\/shutterstock_2058573251-scaled.jpg","contentUrl":"https:\/\/puurdata.nl\/wp-content\/uploads\/2025\/01\/shutterstock_2058573251-scaled.jpg","width":2560,"height":1440,"caption":"Global communication network concept. Environmental technology. Sustainable development goals. SDGs."},{"@type":"BreadcrumbList","@id":"https:\/\/puurdata.nl\/data-engineering\/data-transformation\/#breadcrumb","itemListElement":[{"@type":"ListItem","position":1,"name":"Home","item":"https:\/\/puurdata.nl\/"},{"@type":"ListItem","position":2,"name":"Data Engineering","item":"https:\/\/puurdata.nl\/data-engineering\/"},{"@type":"ListItem","position":3,"name":"Data Transformation"}]},{"@type":"WebSite","@id":"https:\/\/puurdata.nl\/#website","url":"https:\/\/puurdata.nl\/","name":"PuurData","description":"PuurData","potentialAction":[{"@type":"SearchAction","target":{"@type":"EntryPoint","urlTemplate":"https:\/\/puurdata.nl\/?s={search_term_string}"},"query-input":{"@type":"PropertyValueSpecification","valueRequired":true,"valueName":"search_term_string"}}],"inLanguage":"de"}]}},"_links":{"self":[{"href":"https:\/\/puurdata.nl\/de\/wp-json\/wp\/v2\/pages\/3304","targetHints":{"allow":["GET"]}}],"collection":[{"href":"https:\/\/puurdata.nl\/de\/wp-json\/wp\/v2\/pages"}],"about":[{"href":"https:\/\/puurdata.nl\/de\/wp-json\/wp\/v2\/types\/page"}],"author":[{"embeddable":true,"href":"https:\/\/puurdata.nl\/de\/wp-json\/wp\/v2\/users\/5"}],"replies":[{"embeddable":true,"href":"https:\/\/puurdata.nl\/de\/wp-json\/wp\/v2\/comments?post=3304"}],"version-history":[{"count":6,"href":"https:\/\/puurdata.nl\/de\/wp-json\/wp\/v2\/pages\/3304\/revisions"}],"predecessor-version":[{"id":3781,"href":"https:\/\/puurdata.nl\/de\/wp-json\/wp\/v2\/pages\/3304\/revisions\/3781"}],"up":[{"embeddable":true,"href":"https:\/\/puurdata.nl\/de\/wp-json\/wp\/v2\/pages\/3210"}],"wp:featuredmedia":[{"embeddable":true,"href":"https:\/\/puurdata.nl\/de\/wp-json\/wp\/v2\/media\/2644"}],"wp:attachment":[{"href":"https:\/\/puurdata.nl\/de\/wp-json\/wp\/v2\/media?parent=3304"}],"curies":[{"name":"wp","href":"https:\/\/api.w.org\/{rel}","templated":true}]}}